{"id":1997,"date":"2020-08-01T10:24:04","date_gmt":"2020-08-01T10:24:04","guid":{"rendered":"https:\/\/www.hkdsnowmakers.com\/page-daccueil\/"},"modified":"2025-09-09T20:22:27","modified_gmt":"2025-09-09T20:22:27","slug":"page-daccueil","status":"publish","type":"page","link":"https:\/\/www.hkdsnowmakers.com\/fr\/","title":{"rendered":"Page d&rsquo;accueil"},"content":{"rendered":"\r\n<p><video poster=\"\/wp-content\/uploads\/2020\/03\/home-slider-video-cover-blur.jpg\" autoplay=\"autoplay\" loop=\"loop\" muted=\"\" width=\"100%\" height=\"150\">\r\n\t    \t<source src=\"\/wp-content\/uploads\/2020\/03\/home-slider-video-main3.mp4\" type=\"video\/mp4\" \/>\r\n\t    \t<source src=\"\/wp-content\/uploads\/2020\/03\/home-slider-video-fallback1.mp4\" type=\"video\/mp4\" \/>\r\n\t    \t<source src=\"\/wp-content\/uploads\/2020\/03\/home-slider-video-fallback2.webm\" type=\"video\/mp4\" \/>\r\n\t    \t<source src=\"wp-content\/uploads\/2020\/03\/home-slider-video-fallback3.mp4\" type=\"video\/webm\" \/>\r\n\t    \t<img decoding=\"async\" src=\"\/wp-content\/uploads\/2020\/03\/home-slider-video-cover.jpg\" alt=\"\" \/>\r\n\t\t<\/video> <img decoding=\"async\" src=\"\/wp-content\/uploads\/2019\/07\/home_hero-opt.jpg\" alt=\"\" \/><\/p>\r\n<h2>L\u2019ENNEIGEMENT POUR LA <br \/>PROCHAINE G\u00c9N\u00c9RATION<\/h2>\r\n<p><a href=\"https:\/\/www.hkdsnowmakers.com\/fr\/contact\/\">CONTACTEZ-NOUS<\/a><\/p>\r\n<h2>PRODUITS D\u2019ENNEIGEMENT<\/h2>\r\n<p><a role=\"button\" href=\"https:\/\/www.hkdsnowmakers.com\/fr\/produits\/\" target=\"_self\" rel=\"noopener noreferrer\"> VOIR TOUT <\/a> <a href=\"\/products\/#air-water\" target=\"_self\" rel=\"noopener noreferrer\"> <img loading=\"lazy\" decoding=\"async\" title=\"thumb-home-featured-products-air-water-hkd-snowmakers\" src=\"https:\/\/www.hkdsnowmakers.com\/wp-content\/uploads\/2019\/10\/thumb-home-featured-products-air-water-hkd-snowmakers.png\" alt=\"HKD Snowmakers\" width=\"266\" height=\"300\" \/> <\/a><\/p>\r\n<h3><a title=\"AIR\/EAU\" href=\"\/fr\/produits\/#air-eau\" target=\"_self\" rel=\"noopener noreferrer\"> AIR\/EAU <\/a><\/h3>\r\n<p>Enneigeurs \u00e0 haut rendement \u00e9nerg\u00e9tique reconnus pour leur grande simplicit\u00e9 et flexibilit\u00e9 d&rsquo;op\u00e9ration et d&rsquo;entretien.\u00a0Le standard d\u2019or\u00a0: fixer sur une piste des perches air\/eau tous les 25 m\u00e8tres (80 pieds) du sommet au bas de la piste. Elles permettent une ouverture h\u00e2tive des pistes et un resurfa\u00e7age exceptionnel.\u00a0Ces enneigeurs sont \u00e9galement disponibles sur tra\u00eeneaux portables pour une utilit\u00e9 accrue.<\/p>\r\n<p><a role=\"button\" href=\"\/fr\/produits\/#air-eau\" target=\"_self\" rel=\"noopener noreferrer\"> APPRENDRE ENCORE PLUS <\/a> <a href=\"\/products\/#fan\" target=\"_self\" rel=\"noopener noreferrer\"> <img loading=\"lazy\" decoding=\"async\" title=\"thumb-home-featured-products-fans-hkd-snowmakers\" src=\"https:\/\/www.hkdsnowmakers.com\/wp-content\/uploads\/2019\/10\/thumb-home-featured-products-fans-hkd-snowmakers.png\" alt=\"HKD Snowmakers\" width=\"267\" height=\"300\" \/> <\/a><\/p>\r\n<h3><a title=\"VENTILATEURS\" href=\"\/fr\/produits\/#ventilateur\" target=\"_self\" rel=\"noopener noreferrer\"> VENTILATEURS <\/a><\/h3>\r\n<p>Pour une quantit\u00e9 et une projection de neige exceptionnelle, les enneigeurs\u00a0ventilateurs sur tour sont id\u00e9als pour les bases de neige, les pistes larges et les carrefours. En version portable, ils offrent une flexibilit\u00e9 d\u2019op\u00e9ration accrue pour couvrir rapidement de grandes surfaces.<\/p>\r\n<p><a role=\"button\" href=\"\/fr\/produits\/#ventilateur\" target=\"_self\" rel=\"noopener noreferrer\"> EN APPRENDRE PLUS <\/a> <a href=\"\/products\/#klik\" target=\"_self\" rel=\"noopener noreferrer\"> <img loading=\"lazy\" decoding=\"async\" title=\"thumb-home-featured-products-automation-hkd-snowmakers\" src=\"https:\/\/www.hkdsnowmakers.com\/wp-content\/uploads\/2019\/10\/thumb-home-featured-products-automation-hkd-snowmakers.png\" alt=\"HKD Snowmakers\" width=\"266\" height=\"300\" \/> <\/a><\/p>\r\n<h3><a title=\"AUTOMATISATION\" href=\"\/fr\/produits\/#klik\" target=\"_self\" rel=\"noopener noreferrer\"> AUTOMATISATION <\/a><\/h3>\r\n<p>\u00c0 la vue d\u2019un \u00e9cran et d\u2019un simple touch\u00e9 tactile, la supervision automatis\u00e9e d\u2019un syst\u00e8me d\u2019enneigement peut am\u00e9liorer son rendement jusqu&rsquo;\u00e0 250% en comparaison d\u2019une gestion manuel des hydrants traditionnels.\u00a0La technologie des hydrants HKD KLiK pour les perches air\/eau ainsi que l&rsquo;automatisation des enneigeurs ventilateurs \u00e9liminent les d\u00e9lais de raccordement au r\u00e9seau et r\u00e9duits les risques de bris au d\u00e9marrage.<\/p>\r\n<p><a role=\"button\" href=\"\/fr\/produits\/#klik\" target=\"_self\" rel=\"noopener noreferrer\"> APPRENDRE ENCORE PLUS <\/a><\/p>\r\n<h2><a title=\"VID\u00c9OS D\u2019ENNEIGEMENT \" href=\"\/fr\/videos\/\" target=\"_self\" rel=\"noopener noreferrer\"> VID\u00c9OS D\u2019ENNEIGEMENT <\/a><\/h2>\r\n<p><strong>D\u00e9couvrez notre s\u00e9rie de vid\u00e9os\u00a0\u00ab\u00a0Factory Friday\u2019s\u00a0\u00bb<\/strong>\u00a0pour voir comment la\u00a0technologie HKD fait la diff\u00e9rence dans les\u00a0op\u00e9rations de\u00a0fabrication de\u00a0neige \u00e0\u00a0travers le monde.<\/p>\r\n<p><a role=\"button\" href=\"\/fr\/videos\/\" target=\"_self\" rel=\"noopener noreferrer\"> Voir toutes les vid\u00e9os <\/a> <a href=\"\/about-hkd\/\" target=\"_self\" rel=\"noopener noreferrer\"> <img loading=\"lazy\" decoding=\"async\" title=\"thumb-home-about-hkd-hkd-snowmakers\" src=\"https:\/\/www.hkdsnowmakers.com\/wp-content\/uploads\/2019\/10\/thumb-home-about-hkd-hkd-snowmakers.jpg\" alt=\"HKD Snowmakers\" width=\"560\" height=\"379\" \/> <\/a><\/p>\r\n<h2><a title=\"\u00c0 PROPOS DE HKD SNOWMAKERS\" href=\"\/fr\/a-propos-de-hkd\/\" target=\"_self\" rel=\"noopener noreferrer\"> \u00c0 PROPOS DE HKD SNOWMAKERS <\/a><\/h2>\r\n<p>FOND\u00c9 SUR LES ASPECTS \u00c9CONOMIQUES FONDAMENTAUX DE LA FABRICATION DE NEIGE<\/p>\r\n<p>Nous sommes une soci\u00e9t\u00e9 bas\u00e9e en\u00a0Am\u00e9rique du\u00a0Nord qui con\u00e7oit et fabrique une performante technologie de fabrication de neige \u00e0 haut rendement \u00e9nerg\u00e9tique.\u00a0Notre \u00e9quipe professionnelle est motiv\u00e9e par la recherche de la performance, la simplicit\u00e9 d\u2019op\u00e9ration et la\u00a0fiabilit\u00e9.\u00a0Nos produits comprennent les enneigeurs air\/eau HKD, les enneigeurs ventilateurs HKD, les hydrants KLiK et les\u00a0syst\u00e8mes de contr\u00f4le et d\u2019automatisation Tracker et iSno.\u00a0HKD Snowmakers offre \u00e9galement une gamme compl\u00e8te de solutions d&rsquo;ing\u00e9nierie et de\u00a0planification de syst\u00e8me d\u2019enneigement.<\/p>\r\n<p><a role=\"button\" href=\"\/fr\/a-propos-de-hkd\/\" target=\"_self\" rel=\"noopener noreferrer\"> EN SAVOIR PLUS SUR HKD <\/a><\/p>\r\n","protected":false},"excerpt":{"rendered":"<p>L\u2019ENNEIGEMENT POUR LA PROCHAINE G\u00c9N\u00c9RATION CONTACTEZ-NOUS PRODUITS D\u2019ENNEIGEMENT VOIR TOUT AIR\/EAU Enneigeurs \u00e0 haut rendement \u00e9nerg\u00e9tique reconnus pour leur grande simplicit\u00e9 et flexibilit\u00e9 d&rsquo;op\u00e9ration et d&rsquo;entretien.\u00a0Le standard d\u2019or\u00a0: fixer sur une piste des perches air\/eau tous les 25 m\u00e8tres (80 &hellip;<\/p>\n<p class=\"read-more\"> <a class=\"ast-button\" href=\"https:\/\/www.hkdsnowmakers.com\/fr\/\"> <span class=\"screen-reader-text\">Page d&rsquo;accueil<\/span> CONTINUEZ VOTRE LECTURE<\/a><\/p>\n","protected":false},"author":2,"featured_media":0,"parent":0,"menu_order":0,"comment_status":"closed","ping_status":"closed","template":"","meta":{"footnotes":""},"class_list":["post-1997","page","type-page","status-publish","hentry"],"yoast_head":"<!-- This site is optimized with the Yoast SEO plugin v26.0 - https:\/\/yoast.com\/wordpress\/plugins\/seo\/ -->\n<title>L\u2019ENNEIGEMENT POUR LA PROCHAINE G\u00c9N\u00c9RATION<\/title>\n<meta name=\"description\" content=\"HKD Snowmakers makes snowmaking easy as pie use our snowmakers toolbox and snowmakers classroom to learn about snowmaking and snowmaking towers and snow guns.\" \/>\n<meta name=\"robots\" content=\"index, follow, max-snippet:-1, max-image-preview:large, max-video-preview:-1\" \/>\n<link rel=\"canonical\" href=\"https:\/\/www.hkdsnowmakers.com\/fr\/\" \/>\n<meta property=\"og:locale\" content=\"fr_FR\" \/>\n<meta property=\"og:type\" content=\"article\" \/>\n<meta property=\"og:title\" content=\"L\u2019ENNEIGEMENT POUR LA PROCHAINE G\u00c9N\u00c9RATION\" \/>\n<meta property=\"og:description\" content=\"HKD Snowmakers makes snowmaking easy as pie use our snowmakers toolbox and snowmakers classroom to learn about snowmaking and snowmaking towers and snow guns.\" \/>\n<meta property=\"og:url\" content=\"https:\/\/www.hkdsnowmakers.com\/fr\/\" \/>\n<meta property=\"og:site_name\" content=\"HKD Snowmakers\" \/>\n<meta property=\"article:modified_time\" content=\"2025-09-09T20:22:27+00:00\" \/>\n<meta property=\"og:image\" content=\"https:\/\/www.hkdsnowmakers.com\/wp-content\/uploads\/2020\/03\/home-slider-video-cover.jpg\" \/>\n<meta name=\"twitter:card\" content=\"summary_large_image\" \/>\n<meta name=\"twitter:label1\" content=\"Dur\u00e9e de lecture estim\u00e9e\" \/>\n\t<meta name=\"twitter:data1\" content=\"2 minutes\" \/>\n<script type=\"application\/ld+json\" class=\"yoast-schema-graph\">{\"@context\":\"https:\/\/schema.org\",\"@graph\":[{\"@type\":\"WebPage\",\"@id\":\"https:\/\/www.hkdsnowmakers.com\/fr\/\",\"url\":\"https:\/\/www.hkdsnowmakers.com\/fr\/\",\"name\":\"L\u2019ENNEIGEMENT POUR LA PROCHAINE G\u00c9N\u00c9RATION\",\"isPartOf\":{\"@id\":\"https:\/\/www.hkdsnowmakers.com\/fr\/#website\"},\"primaryImageOfPage\":{\"@id\":\"https:\/\/www.hkdsnowmakers.com\/fr\/#primaryimage\"},\"image\":{\"@id\":\"https:\/\/www.hkdsnowmakers.com\/fr\/#primaryimage\"},\"thumbnailUrl\":\"https:\/\/www.hkdsnowmakers.com\/wp-content\/uploads\/2019\/10\/thumb-home-featured-products-air-water-hkd-snowmakers.png\",\"datePublished\":\"2020-08-01T10:24:04+00:00\",\"dateModified\":\"2025-09-09T20:22:27+00:00\",\"description\":\"HKD Snowmakers makes snowmaking easy as pie use our snowmakers toolbox and snowmakers classroom to learn about snowmaking and snowmaking towers and snow guns.\",\"breadcrumb\":{\"@id\":\"https:\/\/www.hkdsnowmakers.com\/fr\/#breadcrumb\"},\"inLanguage\":\"fr-FR\",\"potentialAction\":[{\"@type\":\"ReadAction\",\"target\":[\"https:\/\/www.hkdsnowmakers.com\/fr\/\"]}]},{\"@type\":\"ImageObject\",\"inLanguage\":\"fr-FR\",\"@id\":\"https:\/\/www.hkdsnowmakers.com\/fr\/#primaryimage\",\"url\":\"https:\/\/www.hkdsnowmakers.com\/wp-content\/uploads\/2019\/10\/thumb-home-featured-products-air-water-hkd-snowmakers.png\",\"contentUrl\":\"https:\/\/www.hkdsnowmakers.com\/wp-content\/uploads\/2019\/10\/thumb-home-featured-products-air-water-hkd-snowmakers.png\"},{\"@type\":\"BreadcrumbList\",\"@id\":\"https:\/\/www.hkdsnowmakers.com\/fr\/#breadcrumb\",\"itemListElement\":[{\"@type\":\"ListItem\",\"position\":1,\"name\":\"Home\",\"item\":\"https:\/\/www.hkdsnowmakers.com\/fr\/page-daccueil\/\"},{\"@type\":\"ListItem\",\"position\":2,\"name\":\"Page d&#8217;accueil\"}]},{\"@type\":\"WebSite\",\"@id\":\"https:\/\/www.hkdsnowmakers.com\/fr\/#website\",\"url\":\"https:\/\/www.hkdsnowmakers.com\/fr\/\",\"name\":\"HKD Snowmakers\",\"description\":\"People, Product, Passion\",\"publisher\":{\"@id\":\"https:\/\/www.hkdsnowmakers.com\/fr\/#organization\"},\"potentialAction\":[{\"@type\":\"SearchAction\",\"target\":{\"@type\":\"EntryPoint\",\"urlTemplate\":\"https:\/\/www.hkdsnowmakers.com\/fr\/?s={search_term_string}\"},\"query-input\":{\"@type\":\"PropertyValueSpecification\",\"valueRequired\":true,\"valueName\":\"search_term_string\"}}],\"inLanguage\":\"fr-FR\"},{\"@type\":\"Organization\",\"@id\":\"https:\/\/www.hkdsnowmakers.com\/fr\/#organization\",\"name\":\"HKD Snowmakers\",\"url\":\"https:\/\/www.hkdsnowmakers.com\/fr\/\",\"logo\":{\"@type\":\"ImageObject\",\"inLanguage\":\"fr-FR\",\"@id\":\"https:\/\/www.hkdsnowmakers.com\/fr\/#\/schema\/logo\/image\/\",\"url\":\"https:\/\/www.hkdsnowmakers.com\/wp-content\/uploads\/2019\/05\/hdk_logo.png\",\"contentUrl\":\"https:\/\/www.hkdsnowmakers.com\/wp-content\/uploads\/2019\/05\/hdk_logo.png\",\"width\":1250,\"height\":381,\"caption\":\"HKD Snowmakers\"},\"image\":{\"@id\":\"https:\/\/www.hkdsnowmakers.com\/fr\/#\/schema\/logo\/image\/\"}}]}<\/script>\n<!-- \/ Yoast SEO plugin. -->","yoast_head_json":{"title":"L\u2019ENNEIGEMENT POUR LA PROCHAINE G\u00c9N\u00c9RATION","description":"HKD Snowmakers makes snowmaking easy as pie use our snowmakers toolbox and snowmakers classroom to learn about snowmaking and snowmaking towers and snow guns.","robots":{"index":"index","follow":"follow","max-snippet":"max-snippet:-1","max-image-preview":"max-image-preview:large","max-video-preview":"max-video-preview:-1"},"canonical":"https:\/\/www.hkdsnowmakers.com\/fr\/","og_locale":"fr_FR","og_type":"article","og_title":"L\u2019ENNEIGEMENT POUR LA PROCHAINE G\u00c9N\u00c9RATION","og_description":"HKD Snowmakers makes snowmaking easy as pie use our snowmakers toolbox and snowmakers classroom to learn about snowmaking and snowmaking towers and snow guns.","og_url":"https:\/\/www.hkdsnowmakers.com\/fr\/","og_site_name":"HKD Snowmakers","article_modified_time":"2025-09-09T20:22:27+00:00","og_image":[{"url":"https:\/\/www.hkdsnowmakers.com\/wp-content\/uploads\/2020\/03\/home-slider-video-cover.jpg","type":"","width":"","height":""}],"twitter_card":"summary_large_image","twitter_misc":{"Dur\u00e9e de lecture estim\u00e9e":"2 minutes"},"schema":{"@context":"https:\/\/schema.org","@graph":[{"@type":"WebPage","@id":"https:\/\/www.hkdsnowmakers.com\/fr\/","url":"https:\/\/www.hkdsnowmakers.com\/fr\/","name":"L\u2019ENNEIGEMENT POUR LA PROCHAINE G\u00c9N\u00c9RATION","isPartOf":{"@id":"https:\/\/www.hkdsnowmakers.com\/fr\/#website"},"primaryImageOfPage":{"@id":"https:\/\/www.hkdsnowmakers.com\/fr\/#primaryimage"},"image":{"@id":"https:\/\/www.hkdsnowmakers.com\/fr\/#primaryimage"},"thumbnailUrl":"https:\/\/www.hkdsnowmakers.com\/wp-content\/uploads\/2019\/10\/thumb-home-featured-products-air-water-hkd-snowmakers.png","datePublished":"2020-08-01T10:24:04+00:00","dateModified":"2025-09-09T20:22:27+00:00","description":"HKD Snowmakers makes snowmaking easy as pie use our snowmakers toolbox and snowmakers classroom to learn about snowmaking and snowmaking towers and snow guns.","breadcrumb":{"@id":"https:\/\/www.hkdsnowmakers.com\/fr\/#breadcrumb"},"inLanguage":"fr-FR","potentialAction":[{"@type":"ReadAction","target":["https:\/\/www.hkdsnowmakers.com\/fr\/"]}]},{"@type":"ImageObject","inLanguage":"fr-FR","@id":"https:\/\/www.hkdsnowmakers.com\/fr\/#primaryimage","url":"https:\/\/www.hkdsnowmakers.com\/wp-content\/uploads\/2019\/10\/thumb-home-featured-products-air-water-hkd-snowmakers.png","contentUrl":"https:\/\/www.hkdsnowmakers.com\/wp-content\/uploads\/2019\/10\/thumb-home-featured-products-air-water-hkd-snowmakers.png"},{"@type":"BreadcrumbList","@id":"https:\/\/www.hkdsnowmakers.com\/fr\/#breadcrumb","itemListElement":[{"@type":"ListItem","position":1,"name":"Home","item":"https:\/\/www.hkdsnowmakers.com\/fr\/page-daccueil\/"},{"@type":"ListItem","position":2,"name":"Page d&#8217;accueil"}]},{"@type":"WebSite","@id":"https:\/\/www.hkdsnowmakers.com\/fr\/#website","url":"https:\/\/www.hkdsnowmakers.com\/fr\/","name":"HKD Snowmakers","description":"People, Product, Passion","publisher":{"@id":"https:\/\/www.hkdsnowmakers.com\/fr\/#organization"},"potentialAction":[{"@type":"SearchAction","target":{"@type":"EntryPoint","urlTemplate":"https:\/\/www.hkdsnowmakers.com\/fr\/?s={search_term_string}"},"query-input":{"@type":"PropertyValueSpecification","valueRequired":true,"valueName":"search_term_string"}}],"inLanguage":"fr-FR"},{"@type":"Organization","@id":"https:\/\/www.hkdsnowmakers.com\/fr\/#organization","name":"HKD Snowmakers","url":"https:\/\/www.hkdsnowmakers.com\/fr\/","logo":{"@type":"ImageObject","inLanguage":"fr-FR","@id":"https:\/\/www.hkdsnowmakers.com\/fr\/#\/schema\/logo\/image\/","url":"https:\/\/www.hkdsnowmakers.com\/wp-content\/uploads\/2019\/05\/hdk_logo.png","contentUrl":"https:\/\/www.hkdsnowmakers.com\/wp-content\/uploads\/2019\/05\/hdk_logo.png","width":1250,"height":381,"caption":"HKD Snowmakers"},"image":{"@id":"https:\/\/www.hkdsnowmakers.com\/fr\/#\/schema\/logo\/image\/"}}]}},"_links":{"self":[{"href":"https:\/\/www.hkdsnowmakers.com\/fr\/wp-json\/wp\/v2\/pages\/1997","targetHints":{"allow":["GET"]}}],"collection":[{"href":"https:\/\/www.hkdsnowmakers.com\/fr\/wp-json\/wp\/v2\/pages"}],"about":[{"href":"https:\/\/www.hkdsnowmakers.com\/fr\/wp-json\/wp\/v2\/types\/page"}],"author":[{"embeddable":true,"href":"https:\/\/www.hkdsnowmakers.com\/fr\/wp-json\/wp\/v2\/users\/2"}],"replies":[{"embeddable":true,"href":"https:\/\/www.hkdsnowmakers.com\/fr\/wp-json\/wp\/v2\/comments?post=1997"}],"version-history":[{"count":0,"href":"https:\/\/www.hkdsnowmakers.com\/fr\/wp-json\/wp\/v2\/pages\/1997\/revisions"}],"wp:attachment":[{"href":"https:\/\/www.hkdsnowmakers.com\/fr\/wp-json\/wp\/v2\/media?parent=1997"}],"curies":[{"name":"wp","href":"https:\/\/api.w.org\/{rel}","templated":true}]}}