{"id":2004,"date":"2020-08-01T11:51:04","date_gmt":"2020-08-01T11:51:04","guid":{"rendered":"https:\/\/www.hkdsnowmakers.com\/hkd-nombre-cruncher\/"},"modified":"2020-12-29T13:14:51","modified_gmt":"2020-12-29T13:14:51","slug":"calculateur","status":"publish","type":"page","link":"https:\/\/www.hkdsnowmakers.com\/fr\/calculateur\/","title":{"rendered":"HKD Nombre Cruncher &#8211; Calculateur"},"content":{"rendered":"<h1>\n\t\tLE CALCULATEUR HKD\n\t<\/h1>\n<h2>\n\t\tLE CALCULATEUR HKD\n\t<\/h2>\n<h3>\n\t\tBIENVENUE SUR LA PAGE D\u2019ANALYSE DES \u00c9CONOMIES\n\t<\/h3>\n\t<p><strong>D\u00e9couvrez comment la technologie HKD peut r\u00e9duire vos co\u00fbts d&rsquo;\u00e9nergie de fabrication de neige tout en augmentant la productivit\u00e9 de votre syst\u00e8me d&rsquo;enneigement.<\/strong><\/p>\n\t<p>Pour acc\u00e9der au calculateur HKD, s&rsquo;il vous pla\u00eet remplir les informations demand\u00e9es ci-dessous, puis s\u00e9lectionner le type de terrain pour lequel vous voulez calculer le co\u00fbt de fabrication de neige.<\/p>\n<p>En entrant les donn\u00e9es dans l\u2019hypoth\u00e8se d\u2019analyse \u00e0 la page suivante, vous pourrez g\u00e9n\u00e9rer un estim\u00e9 du co\u00fbt d\u2019\u00e9nergie en acre pied en utilisant la technologie HKD SV10 Impulse, ventilateur ou une perche air\/eau conventionnelle. Les donn\u00e9es incluent la longueur et la largeur \u00e0 couvrir, le co\u00fbt de l\u2019\u00e9nergie et l\u2019\u00e9paisseur moyenne de neige produite sur cette superficie.<\/p>\n<p>Le calcul fournit aussi le co\u00fbt estim\u00e9 d\u2019op\u00e9ration pour ce terrain, une comparaison du co\u00fbt en capital pour les trois diff\u00e9rentes technologies ainsi que l\u2019analyse du retour sur l\u2019investissement en comparant l\u2019installation de perches HKD SV10 et des ventilateurs sur ce terrain. Finalement, nous fournirons une analyse de productivit\u00e9 du syst\u00e8me dans laquelle nous d\u00e9montrerons comment maximiser votre capacit\u00e9 de pompage avec un co\u00fbt minimum en air comprim\u00e9.\u00a0Pour obtenir une copie des r\u00e9sultats par courriel, cliquez sur le bouton \u00ab Envoyez-moi une copie \u00bb.<\/p>\n\t\t\t<a href=\"#get_started\" target=\"_self\" role=\"button\" rel=\"noopener noreferrer\">\n\t\t\t\t\t\t\tCommencer\n\t\t\t\t\t<\/a>\n","protected":false},"excerpt":{"rendered":"<p>LE CALCULATEUR HKD LE CALCULATEUR HKD BIENVENUE SUR LA PAGE D\u2019ANALYSE DES \u00c9CONOMIES D\u00e9couvrez comment la technologie HKD peut r\u00e9duire vos co\u00fbts d&rsquo;\u00e9nergie de fabrication de neige tout en augmentant la productivit\u00e9 de votre syst\u00e8me d&rsquo;enneigement. Pour acc\u00e9der au calculateur &hellip;<\/p>\n<p class=\"read-more\"> <a class=\"ast-button\" href=\"https:\/\/www.hkdsnowmakers.com\/fr\/calculateur\/\"> <span class=\"screen-reader-text\">HKD Nombre Cruncher &#8211; Calculateur<\/span> CONTINUEZ VOTRE LECTURE<\/a><\/p>\n","protected":false},"author":2,"featured_media":0,"parent":0,"menu_order":0,"comment_status":"closed","ping_status":"closed","template":"","meta":{"footnotes":""},"class_list":["post-2004","page","type-page","status-publish","hentry"],"yoast_head":"<!-- This site is optimized with the Yoast SEO plugin v26.0 - https:\/\/yoast.com\/wordpress\/plugins\/seo\/ -->\n<title>HKD Snowmakers and Snowguns Sales Representatives and Employees<\/title>\n<meta name=\"description\" content=\"Locate an HKD Snowmaking and Snowgun representative near your ski resort.\" \/>\n<meta name=\"robots\" content=\"index, follow, max-snippet:-1, max-image-preview:large, max-video-preview:-1\" \/>\n<link rel=\"canonical\" href=\"https:\/\/www.hkdsnowmakers.com\/fr\/calculateur\/\" \/>\n<meta property=\"og:locale\" content=\"fr_FR\" \/>\n<meta property=\"og:type\" content=\"article\" \/>\n<meta property=\"og:title\" content=\"HKD Snowmakers and Snowguns Sales Representatives and Employees\" \/>\n<meta property=\"og:description\" content=\"Locate an HKD Snowmaking and Snowgun representative near your ski resort.\" \/>\n<meta property=\"og:url\" content=\"https:\/\/www.hkdsnowmakers.com\/fr\/calculateur\/\" \/>\n<meta property=\"og:site_name\" content=\"HKD Snowmakers\" \/>\n<meta property=\"article:modified_time\" content=\"2020-12-29T13:14:51+00:00\" \/>\n<meta name=\"twitter:card\" content=\"summary_large_image\" \/>\n<meta name=\"twitter:label1\" content=\"Dur\u00e9e de lecture estim\u00e9e\" \/>\n\t<meta name=\"twitter:data1\" content=\"1 minute\" \/>\n<script type=\"application\/ld+json\" class=\"yoast-schema-graph\">{\"@context\":\"https:\/\/schema.org\",\"@graph\":[{\"@type\":\"WebPage\",\"@id\":\"https:\/\/www.hkdsnowmakers.com\/fr\/calculateur\/\",\"url\":\"https:\/\/www.hkdsnowmakers.com\/fr\/calculateur\/\",\"name\":\"HKD Snowmakers and Snowguns Sales Representatives and Employees\",\"isPartOf\":{\"@id\":\"https:\/\/www.hkdsnowmakers.com\/fr\/#website\"},\"datePublished\":\"2020-08-01T11:51:04+00:00\",\"dateModified\":\"2020-12-29T13:14:51+00:00\",\"description\":\"Locate an HKD Snowmaking and Snowgun representative near your ski resort.\",\"breadcrumb\":{\"@id\":\"https:\/\/www.hkdsnowmakers.com\/fr\/calculateur\/#breadcrumb\"},\"inLanguage\":\"fr-FR\",\"potentialAction\":[{\"@type\":\"ReadAction\",\"target\":[\"https:\/\/www.hkdsnowmakers.com\/fr\/calculateur\/\"]}]},{\"@type\":\"BreadcrumbList\",\"@id\":\"https:\/\/www.hkdsnowmakers.com\/fr\/calculateur\/#breadcrumb\",\"itemListElement\":[{\"@type\":\"ListItem\",\"position\":1,\"name\":\"Home\",\"item\":\"https:\/\/www.hkdsnowmakers.com\/fr\/page-daccueil\/\"},{\"@type\":\"ListItem\",\"position\":2,\"name\":\"HKD Nombre Cruncher &#8211; Calculateur\"}]},{\"@type\":\"WebSite\",\"@id\":\"https:\/\/www.hkdsnowmakers.com\/fr\/#website\",\"url\":\"https:\/\/www.hkdsnowmakers.com\/fr\/\",\"name\":\"HKD Snowmakers\",\"description\":\"People, Product, Passion\",\"publisher\":{\"@id\":\"https:\/\/www.hkdsnowmakers.com\/fr\/#organization\"},\"potentialAction\":[{\"@type\":\"SearchAction\",\"target\":{\"@type\":\"EntryPoint\",\"urlTemplate\":\"https:\/\/www.hkdsnowmakers.com\/fr\/?s={search_term_string}\"},\"query-input\":{\"@type\":\"PropertyValueSpecification\",\"valueRequired\":true,\"valueName\":\"search_term_string\"}}],\"inLanguage\":\"fr-FR\"},{\"@type\":\"Organization\",\"@id\":\"https:\/\/www.hkdsnowmakers.com\/fr\/#organization\",\"name\":\"HKD Snowmakers\",\"url\":\"https:\/\/www.hkdsnowmakers.com\/fr\/\",\"logo\":{\"@type\":\"ImageObject\",\"inLanguage\":\"fr-FR\",\"@id\":\"https:\/\/www.hkdsnowmakers.com\/fr\/#\/schema\/logo\/image\/\",\"url\":\"https:\/\/www.hkdsnowmakers.com\/wp-content\/uploads\/2019\/05\/hdk_logo.png\",\"contentUrl\":\"https:\/\/www.hkdsnowmakers.com\/wp-content\/uploads\/2019\/05\/hdk_logo.png\",\"width\":1250,\"height\":381,\"caption\":\"HKD Snowmakers\"},\"image\":{\"@id\":\"https:\/\/www.hkdsnowmakers.com\/fr\/#\/schema\/logo\/image\/\"}}]}<\/script>\n<!-- \/ Yoast SEO plugin. -->","yoast_head_json":{"title":"HKD Snowmakers and Snowguns Sales Representatives and Employees","description":"Locate an HKD Snowmaking and Snowgun representative near your ski resort.","robots":{"index":"index","follow":"follow","max-snippet":"max-snippet:-1","max-image-preview":"max-image-preview:large","max-video-preview":"max-video-preview:-1"},"canonical":"https:\/\/www.hkdsnowmakers.com\/fr\/calculateur\/","og_locale":"fr_FR","og_type":"article","og_title":"HKD Snowmakers and Snowguns Sales Representatives and Employees","og_description":"Locate an HKD Snowmaking and Snowgun representative near your ski resort.","og_url":"https:\/\/www.hkdsnowmakers.com\/fr\/calculateur\/","og_site_name":"HKD Snowmakers","article_modified_time":"2020-12-29T13:14:51+00:00","twitter_card":"summary_large_image","twitter_misc":{"Dur\u00e9e de lecture estim\u00e9e":"1 minute"},"schema":{"@context":"https:\/\/schema.org","@graph":[{"@type":"WebPage","@id":"https:\/\/www.hkdsnowmakers.com\/fr\/calculateur\/","url":"https:\/\/www.hkdsnowmakers.com\/fr\/calculateur\/","name":"HKD Snowmakers and Snowguns Sales Representatives and Employees","isPartOf":{"@id":"https:\/\/www.hkdsnowmakers.com\/fr\/#website"},"datePublished":"2020-08-01T11:51:04+00:00","dateModified":"2020-12-29T13:14:51+00:00","description":"Locate an HKD Snowmaking and Snowgun representative near your ski resort.","breadcrumb":{"@id":"https:\/\/www.hkdsnowmakers.com\/fr\/calculateur\/#breadcrumb"},"inLanguage":"fr-FR","potentialAction":[{"@type":"ReadAction","target":["https:\/\/www.hkdsnowmakers.com\/fr\/calculateur\/"]}]},{"@type":"BreadcrumbList","@id":"https:\/\/www.hkdsnowmakers.com\/fr\/calculateur\/#breadcrumb","itemListElement":[{"@type":"ListItem","position":1,"name":"Home","item":"https:\/\/www.hkdsnowmakers.com\/fr\/page-daccueil\/"},{"@type":"ListItem","position":2,"name":"HKD Nombre Cruncher &#8211; Calculateur"}]},{"@type":"WebSite","@id":"https:\/\/www.hkdsnowmakers.com\/fr\/#website","url":"https:\/\/www.hkdsnowmakers.com\/fr\/","name":"HKD Snowmakers","description":"People, Product, Passion","publisher":{"@id":"https:\/\/www.hkdsnowmakers.com\/fr\/#organization"},"potentialAction":[{"@type":"SearchAction","target":{"@type":"EntryPoint","urlTemplate":"https:\/\/www.hkdsnowmakers.com\/fr\/?s={search_term_string}"},"query-input":{"@type":"PropertyValueSpecification","valueRequired":true,"valueName":"search_term_string"}}],"inLanguage":"fr-FR"},{"@type":"Organization","@id":"https:\/\/www.hkdsnowmakers.com\/fr\/#organization","name":"HKD Snowmakers","url":"https:\/\/www.hkdsnowmakers.com\/fr\/","logo":{"@type":"ImageObject","inLanguage":"fr-FR","@id":"https:\/\/www.hkdsnowmakers.com\/fr\/#\/schema\/logo\/image\/","url":"https:\/\/www.hkdsnowmakers.com\/wp-content\/uploads\/2019\/05\/hdk_logo.png","contentUrl":"https:\/\/www.hkdsnowmakers.com\/wp-content\/uploads\/2019\/05\/hdk_logo.png","width":1250,"height":381,"caption":"HKD Snowmakers"},"image":{"@id":"https:\/\/www.hkdsnowmakers.com\/fr\/#\/schema\/logo\/image\/"}}]}},"_links":{"self":[{"href":"https:\/\/www.hkdsnowmakers.com\/fr\/wp-json\/wp\/v2\/pages\/2004","targetHints":{"allow":["GET"]}}],"collection":[{"href":"https:\/\/www.hkdsnowmakers.com\/fr\/wp-json\/wp\/v2\/pages"}],"about":[{"href":"https:\/\/www.hkdsnowmakers.com\/fr\/wp-json\/wp\/v2\/types\/page"}],"author":[{"embeddable":true,"href":"https:\/\/www.hkdsnowmakers.com\/fr\/wp-json\/wp\/v2\/users\/2"}],"replies":[{"embeddable":true,"href":"https:\/\/www.hkdsnowmakers.com\/fr\/wp-json\/wp\/v2\/comments?post=2004"}],"version-history":[{"count":0,"href":"https:\/\/www.hkdsnowmakers.com\/fr\/wp-json\/wp\/v2\/pages\/2004\/revisions"}],"wp:attachment":[{"href":"https:\/\/www.hkdsnowmakers.com\/fr\/wp-json\/wp\/v2\/media?parent=2004"}],"curies":[{"name":"wp","href":"https:\/\/api.w.org\/{rel}","templated":true}]}}