{"id":2006,"date":"2020-08-01T11:54:12","date_gmt":"2020-08-01T11:54:12","guid":{"rendered":"https:\/\/www.hkdsnowmakers.com\/add-accessoires\/"},"modified":"2020-08-06T18:29:29","modified_gmt":"2020-08-06T18:29:29","slug":"accessoires","status":"publish","type":"page","link":"https:\/\/www.hkdsnowmakers.com\/fr\/accessoires\/","title":{"rendered":"Accessoires"},"content":{"rendered":"<h1>\n\t\tACCESSOIRES\n\t<\/h1>\n\t\t\t\t<img loading=\"lazy\" decoding=\"async\" src=\"https:\/\/www.hkdsnowmakers.com\/wp-content\/uploads\/2019\/10\/thumb-add-ons-tower-and-post-padding-hkd-snowmakers.jpg\" alt=\"HKD Snowmakers\" itemprop=\"image\" height=\"154\" width=\"154\" title=\"thumb-add-ons-tower-and-post-padding-hkd-snowmakers\" onerror=\"this.style.display='none'\"  \/>\n\t<h3>PROTECTEUR REMBOURR\u00c9<\/h3>\n\t<p>Les protecteurs de perche et support HKD sont confectionn\u00e9s dans du tissu composite de haute qualit\u00e9 \u00e0 partir de mousse \u00e0 cellules ferm\u00e9es \u00e9tanche envelopp\u00e9 dans une gaine ext\u00e9rieure en PVC offrant une haute visibilit\u00e9.<\/p>\n<p>Nos matelas de protection sont con\u00e7us sp\u00e9cifiquement pour la S-Bracket HKD et le support Millennium. HKD offre \u00e9galement des protecteurs pour les ventilateurs sur tour, les tra\u00eeneaux portables et les pi\u00e9destaux \u00e9lectriques. Nos protecteurs rembourr\u00e9s peuvent \u00eatre consult\u00e9s et achet\u00e9s dans notre <a href=\"https:\/\/shop.hkdsnowmakers.com\/collections\/pads\">boutique HKD<\/a>.<\/p>\n\t\t\t\t<img loading=\"lazy\" decoding=\"async\" src=\"https:\/\/www.hkdsnowmakers.com\/wp-content\/uploads\/2019\/10\/thumb-add-ons-electrical-pedestals-hkd-snowmakers.png\" alt=\"HKD Snowmakers\" itemprop=\"image\" height=\"154\" width=\"174\" title=\"thumb-add-ons-electrical-pedestals-hkd-snowmakers\" onerror=\"this.style.display='none'\"  \/>\n\t<h3>PI\u00c9DESTAUX \u00c9LECTRIQUES<\/h3>\n\t<p>HKD offre des pi\u00e9destaux \u00e9lectriques homologu\u00e9 CSA qui sont con\u00e7us pour les ventilateurs et les perches air \/ eau.<\/p>\n<p>Les pi\u00e9destaux sont en acier durable et sont disponibles en configuration3 p\u00f4les et 4 p\u00f4les et jusqu&rsquo;\u00e0 600 Volts AC, avec un disjoncteur de 30 amp\u00e8res \u00e0 100 amp\u00e8res \u2013 5 kAIC \u00e0 20 kAIC. Veuillez contacter <a href=\"mailto:ian@hkdsnowmakers.com\">ian@hkdsnowmakers.com<\/a> pour plus d&rsquo;informations.<\/p>\n\t\t\t\t<img loading=\"lazy\" decoding=\"async\" src=\"https:\/\/www.hkdsnowmakers.com\/wp-content\/uploads\/2019\/10\/thumb-add-ons-traditional-snowmaking-hydrants-hkd-snowmakers.png\" alt=\"HKD Snowmakers\" itemprop=\"image\" height=\"154\" width=\"174\" title=\"thumb-add-ons-traditional-snowmaking-hydrants-hkd-snowmakers\" onerror=\"this.style.display='none'\"  \/>\n\t<h3>HYDRANT D\u2019ENNEIGEMENT TRADITIONNEL<\/h3>\n\t<p>HKD offre aussi les hydrants d\u2019enneigement conventionnels pour la tuyauterie hors terre et sous terre ainsi que les pi\u00e8ces et le service. Veuillez contacter <a href=\"mailto:ian@hkdsnowmakers.com\">ian@hkdsnowmakers.com<\/a> pour plus d&rsquo;informations.<\/p>\n\t\t\t\t<img loading=\"lazy\" decoding=\"async\" src=\"https:\/\/www.hkdsnowmakers.com\/wp-content\/uploads\/2019\/10\/thumb-add-ons-hose-hkd-snowmakers.png\" alt=\"HKD Snowmakers\" itemprop=\"image\" height=\"154\" width=\"174\" title=\"thumb-add-ons-hose-hkd-snowmakers\" onerror=\"this.style.display='none'\"  \/>\n\t<h3>BOYAU<\/h3>\n\t<p>Le boyau d\u2019enneigement HKD est durable, l\u00e9ger, souple et garanti pour r\u00e9sister aux environnements les plus difficiles d&rsquo;enneigement. Le boyau d\u2019enneigement HKD n&rsquo;est pas un boyau d&rsquo;incendie.<\/p>\n<p>Notre boyau est sp\u00e9cifiquement con\u00e7u et test\u00e9 pour la fabrication de neige et est seul boyau d&rsquo;enneigement disponible avec la technologie iReflect. Le boyau d\u2019enneigement HKD est fi\u00e8rement fabriqu\u00e9 au Canada avec les meilleurs mat\u00e9riaux. Nos boyaux peuvent \u00eatre consult\u00e9s et achet\u00e9s dans notre <a href=\"https:\/\/shop.hkdsnowmakers.com\/pages\/collection_accessories\">boutique HKD<\/a>.<\/p>\n\t<p>Le boyau d\u2019enneigement HKD est aussi disponible pour les syst\u00e8mes d\u2019enneigement qui op\u00e8rent avec des pressions de 650 psi. <a href=\"https:\/\/www.hkdsnowmakers.com\/wp-content\/uploads\/2019\/07\/snowmaking-hose.pdf\" target=\"_blank\" rel=\"noopener noreferrer\">Sp\u00e9cifications du produit<\/a>.<\/p>\n\t\t\t\t<img loading=\"lazy\" decoding=\"async\" src=\"https:\/\/www.hkdsnowmakers.com\/wp-content\/uploads\/2019\/10\/thumb-add-ons-camlock-adapters-and-hose-fittings-hkd-snowmakers.png\" alt=\"HKD Snowmakers\" itemprop=\"image\" height=\"154\" width=\"174\" title=\"thumb-add-ons-camlock-adapters-and-hose-fittings-hkd-snowmakers\" onerror=\"this.style.display='none'\"  \/>\n\t<h3>ADAPTATEURS (CAMLOCK) ET RACCORDS DE BOYAUX<\/h3>\n\t<p>HKD offre des adaptateurs en alliage d&rsquo;aluminium extrud\u00e9 et anodis\u00e9 dur pour les enneigeurs, les hydrants et les boyaux d\u2019enneigement.<\/p>\n<p>Les connecteurs sont con\u00e7us pour la r\u00e9sistance, la durabilit\u00e9 et la s\u00e9curit\u00e9 et sont \u00e9quip\u00e9s de barrures en acier inoxydable. Nos connecteurs et nos pi\u00e8ces peuvent \u00eatre consult\u00e9s et achet\u00e9s dans notre <a href=\"https:\/\/hkdsnow.myshopify.com\/\" target=\"_blank\" rel=\"noopener noreferrer\">boutique HKD<\/a>.<\/p>\n\t\t\t\t<img loading=\"lazy\" decoding=\"async\" src=\"https:\/\/www.hkdsnowmakers.com\/wp-content\/uploads\/2019\/10\/thumb-add-ons-portable-sleds-hkd-snowmakers.png\" alt=\"HKD Snowmakers\" itemprop=\"image\" height=\"154\" width=\"228\" title=\"thumb-add-ons-portable-sleds-hkd-snowmakers\" onerror=\"this.style.display='none'\"  \/>\n\t<h3>TRA\u00ceNEAUX PORTABLE<\/h3>\n\t<p>HKD offre trois options de mobilit\u00e9; le S-Sled, le tra\u00eeneau Viper et le tr\u00e9pied Viper. Ils sont tous fabriqu\u00e9s en aluminium de haute qualit\u00e9 ce qui les rend extr\u00eamement l\u00e9gers et durables.<\/p>\n<p>Le S-Sled et le tra\u00eeneau Viper sont \u00e9quip\u00e9s d&rsquo;une barre de remorquage pratique pour faciliter le raccordement et le transport derri\u00e8re un VTT, une motoneige et une dameuse. Le tr\u00e9pied Viper est stable avec des pieds t\u00e9lescopiques pour le nivellement sur les pentes et est pliable pour faciliter le transport par un snowmaker. Veuillez contacter  <a href=\"mailto:ian@hkdsnowmakers.com\">ian@hkdsnowmakers.com<\/a> pour plus d&rsquo;informations.<\/p>\n\t\t\t\t<img loading=\"lazy\" decoding=\"async\" src=\"https:\/\/www.hkdsnowmakers.com\/wp-content\/uploads\/2020\/04\/IMPULSE12-BOOM.png\" alt=\"IMPULSE12 BOOM\" itemprop=\"image\" height=\"931\" width=\"1562\" title=\"IMPULSE12 BOOM\" onerror=\"this.style.display='none'\"  \/>\n\t<h3>Boom<\/h3>\n\t<p>HKD offre \u00e0 la fois le Boom conventionnel et le Boom KLiK qui permet d&rsquo;ouvrir et d&rsquo;entretenir votre terrain \u00e9troit avec pr\u00e9cision et facilit\u00e9. Le Boom HKD est construit en acier galvanis\u00e9 et a la capacit\u00e9 d\u2019\u00eatre pivoter dans la piste \u00e0 partir d&rsquo;un poteau fixe, de projeter vers le haut ou le bas et \u00eatre \u00e9lev\u00e9e ou abaiss\u00e9e. Lorsqu&rsquo;il n&rsquo;est pas utilis\u00e9, le Boom HKD peut \u00eatre pivot\u00e9 hors de la piste pour plus de s\u00e9curit\u00e9 et de commodit\u00e9 ouvrant la voie aux chasse-neiges et aux skieurs.<\/p>\n<p>Toutes les technologies HKD air\/eau et KLiK peuvent \u00eatre utilis\u00e9es avec le Boom de 12 pieds. Veuillez contacter\u00a0<a href=\"mailto:ian@hkdsnowmakers.com\">ian@hkdsnowmakers.com<\/a>\u00a0pour plus d&rsquo;informations.<\/p>\n","protected":false},"excerpt":{"rendered":"<p>ACCESSOIRES PROTECTEUR REMBOURR\u00c9 Les protecteurs de perche et support HKD sont confectionn\u00e9s dans du tissu composite de haute qualit\u00e9 \u00e0 partir de mousse \u00e0 cellules ferm\u00e9es \u00e9tanche envelopp\u00e9 dans une gaine ext\u00e9rieure en PVC offrant une haute visibilit\u00e9. Nos matelas &hellip;<\/p>\n<p class=\"read-more\"> <a class=\"ast-button\" href=\"https:\/\/www.hkdsnowmakers.com\/fr\/accessoires\/\"> <span class=\"screen-reader-text\">Accessoires<\/span> CONTINUEZ VOTRE LECTURE<\/a><\/p>\n","protected":false},"author":2,"featured_media":0,"parent":0,"menu_order":0,"comment_status":"closed","ping_status":"closed","template":"","meta":{"footnotes":""},"class_list":["post-2006","page","type-page","status-publish","hentry"],"yoast_head":"<!-- This site is optimized with the Yoast SEO plugin v26.0 - https:\/\/yoast.com\/wordpress\/plugins\/seo\/ -->\n<title>Snowmaking Product Add-Ons<\/title>\n<meta name=\"description\" content=\"HKD Snowmakers Snowmaking Towers\" \/>\n<meta name=\"robots\" content=\"index, follow, max-snippet:-1, max-image-preview:large, max-video-preview:-1\" \/>\n<link rel=\"canonical\" href=\"https:\/\/www.hkdsnowmakers.com\/fr\/accessoires\/\" \/>\n<meta property=\"og:locale\" content=\"fr_FR\" \/>\n<meta property=\"og:type\" content=\"article\" \/>\n<meta property=\"og:title\" content=\"Snowmaking Product Add-Ons\" \/>\n<meta property=\"og:description\" content=\"HKD Snowmakers Snowmaking Towers\" \/>\n<meta property=\"og:url\" content=\"https:\/\/www.hkdsnowmakers.com\/fr\/accessoires\/\" \/>\n<meta property=\"og:site_name\" content=\"HKD Snowmakers\" \/>\n<meta property=\"article:modified_time\" content=\"2020-08-06T18:29:29+00:00\" \/>\n<meta property=\"og:image\" content=\"https:\/\/www.hkdsnowmakers.com\/wp-content\/uploads\/2019\/10\/thumb-add-ons-tower-and-post-padding-hkd-snowmakers.jpg\" \/>\n<meta name=\"twitter:card\" content=\"summary_large_image\" \/>\n<meta name=\"twitter:label1\" content=\"Dur\u00e9e de lecture estim\u00e9e\" \/>\n\t<meta name=\"twitter:data1\" content=\"3 minutes\" \/>\n<script type=\"application\/ld+json\" class=\"yoast-schema-graph\">{\"@context\":\"https:\/\/schema.org\",\"@graph\":[{\"@type\":\"WebPage\",\"@id\":\"https:\/\/www.hkdsnowmakers.com\/fr\/accessoires\/\",\"url\":\"https:\/\/www.hkdsnowmakers.com\/fr\/accessoires\/\",\"name\":\"Snowmaking Product Add-Ons\",\"isPartOf\":{\"@id\":\"https:\/\/www.hkdsnowmakers.com\/fr\/#website\"},\"primaryImageOfPage\":{\"@id\":\"https:\/\/www.hkdsnowmakers.com\/fr\/accessoires\/#primaryimage\"},\"image\":{\"@id\":\"https:\/\/www.hkdsnowmakers.com\/fr\/accessoires\/#primaryimage\"},\"thumbnailUrl\":\"https:\/\/www.hkdsnowmakers.com\/wp-content\/uploads\/2019\/10\/thumb-add-ons-tower-and-post-padding-hkd-snowmakers.jpg\",\"datePublished\":\"2020-08-01T11:54:12+00:00\",\"dateModified\":\"2020-08-06T18:29:29+00:00\",\"description\":\"HKD Snowmakers Snowmaking Towers\",\"breadcrumb\":{\"@id\":\"https:\/\/www.hkdsnowmakers.com\/fr\/accessoires\/#breadcrumb\"},\"inLanguage\":\"fr-FR\",\"potentialAction\":[{\"@type\":\"ReadAction\",\"target\":[\"https:\/\/www.hkdsnowmakers.com\/fr\/accessoires\/\"]}]},{\"@type\":\"ImageObject\",\"inLanguage\":\"fr-FR\",\"@id\":\"https:\/\/www.hkdsnowmakers.com\/fr\/accessoires\/#primaryimage\",\"url\":\"https:\/\/www.hkdsnowmakers.com\/wp-content\/uploads\/2019\/10\/thumb-add-ons-tower-and-post-padding-hkd-snowmakers.jpg\",\"contentUrl\":\"https:\/\/www.hkdsnowmakers.com\/wp-content\/uploads\/2019\/10\/thumb-add-ons-tower-and-post-padding-hkd-snowmakers.jpg\"},{\"@type\":\"BreadcrumbList\",\"@id\":\"https:\/\/www.hkdsnowmakers.com\/fr\/accessoires\/#breadcrumb\",\"itemListElement\":[{\"@type\":\"ListItem\",\"position\":1,\"name\":\"Home\",\"item\":\"https:\/\/www.hkdsnowmakers.com\/fr\/page-daccueil\/\"},{\"@type\":\"ListItem\",\"position\":2,\"name\":\"Accessoires\"}]},{\"@type\":\"WebSite\",\"@id\":\"https:\/\/www.hkdsnowmakers.com\/fr\/#website\",\"url\":\"https:\/\/www.hkdsnowmakers.com\/fr\/\",\"name\":\"HKD Snowmakers\",\"description\":\"People, Product, Passion\",\"publisher\":{\"@id\":\"https:\/\/www.hkdsnowmakers.com\/fr\/#organization\"},\"potentialAction\":[{\"@type\":\"SearchAction\",\"target\":{\"@type\":\"EntryPoint\",\"urlTemplate\":\"https:\/\/www.hkdsnowmakers.com\/fr\/?s={search_term_string}\"},\"query-input\":{\"@type\":\"PropertyValueSpecification\",\"valueRequired\":true,\"valueName\":\"search_term_string\"}}],\"inLanguage\":\"fr-FR\"},{\"@type\":\"Organization\",\"@id\":\"https:\/\/www.hkdsnowmakers.com\/fr\/#organization\",\"name\":\"HKD Snowmakers\",\"url\":\"https:\/\/www.hkdsnowmakers.com\/fr\/\",\"logo\":{\"@type\":\"ImageObject\",\"inLanguage\":\"fr-FR\",\"@id\":\"https:\/\/www.hkdsnowmakers.com\/fr\/#\/schema\/logo\/image\/\",\"url\":\"https:\/\/www.hkdsnowmakers.com\/wp-content\/uploads\/2019\/05\/hdk_logo.png\",\"contentUrl\":\"https:\/\/www.hkdsnowmakers.com\/wp-content\/uploads\/2019\/05\/hdk_logo.png\",\"width\":1250,\"height\":381,\"caption\":\"HKD Snowmakers\"},\"image\":{\"@id\":\"https:\/\/www.hkdsnowmakers.com\/fr\/#\/schema\/logo\/image\/\"}}]}<\/script>\n<!-- \/ Yoast SEO plugin. -->","yoast_head_json":{"title":"Snowmaking Product Add-Ons","description":"HKD Snowmakers Snowmaking Towers","robots":{"index":"index","follow":"follow","max-snippet":"max-snippet:-1","max-image-preview":"max-image-preview:large","max-video-preview":"max-video-preview:-1"},"canonical":"https:\/\/www.hkdsnowmakers.com\/fr\/accessoires\/","og_locale":"fr_FR","og_type":"article","og_title":"Snowmaking Product Add-Ons","og_description":"HKD Snowmakers Snowmaking Towers","og_url":"https:\/\/www.hkdsnowmakers.com\/fr\/accessoires\/","og_site_name":"HKD Snowmakers","article_modified_time":"2020-08-06T18:29:29+00:00","og_image":[{"url":"https:\/\/www.hkdsnowmakers.com\/wp-content\/uploads\/2019\/10\/thumb-add-ons-tower-and-post-padding-hkd-snowmakers.jpg","type":"","width":"","height":""}],"twitter_card":"summary_large_image","twitter_misc":{"Dur\u00e9e de lecture estim\u00e9e":"3 minutes"},"schema":{"@context":"https:\/\/schema.org","@graph":[{"@type":"WebPage","@id":"https:\/\/www.hkdsnowmakers.com\/fr\/accessoires\/","url":"https:\/\/www.hkdsnowmakers.com\/fr\/accessoires\/","name":"Snowmaking Product Add-Ons","isPartOf":{"@id":"https:\/\/www.hkdsnowmakers.com\/fr\/#website"},"primaryImageOfPage":{"@id":"https:\/\/www.hkdsnowmakers.com\/fr\/accessoires\/#primaryimage"},"image":{"@id":"https:\/\/www.hkdsnowmakers.com\/fr\/accessoires\/#primaryimage"},"thumbnailUrl":"https:\/\/www.hkdsnowmakers.com\/wp-content\/uploads\/2019\/10\/thumb-add-ons-tower-and-post-padding-hkd-snowmakers.jpg","datePublished":"2020-08-01T11:54:12+00:00","dateModified":"2020-08-06T18:29:29+00:00","description":"HKD Snowmakers Snowmaking Towers","breadcrumb":{"@id":"https:\/\/www.hkdsnowmakers.com\/fr\/accessoires\/#breadcrumb"},"inLanguage":"fr-FR","potentialAction":[{"@type":"ReadAction","target":["https:\/\/www.hkdsnowmakers.com\/fr\/accessoires\/"]}]},{"@type":"ImageObject","inLanguage":"fr-FR","@id":"https:\/\/www.hkdsnowmakers.com\/fr\/accessoires\/#primaryimage","url":"https:\/\/www.hkdsnowmakers.com\/wp-content\/uploads\/2019\/10\/thumb-add-ons-tower-and-post-padding-hkd-snowmakers.jpg","contentUrl":"https:\/\/www.hkdsnowmakers.com\/wp-content\/uploads\/2019\/10\/thumb-add-ons-tower-and-post-padding-hkd-snowmakers.jpg"},{"@type":"BreadcrumbList","@id":"https:\/\/www.hkdsnowmakers.com\/fr\/accessoires\/#breadcrumb","itemListElement":[{"@type":"ListItem","position":1,"name":"Home","item":"https:\/\/www.hkdsnowmakers.com\/fr\/page-daccueil\/"},{"@type":"ListItem","position":2,"name":"Accessoires"}]},{"@type":"WebSite","@id":"https:\/\/www.hkdsnowmakers.com\/fr\/#website","url":"https:\/\/www.hkdsnowmakers.com\/fr\/","name":"HKD Snowmakers","description":"People, Product, Passion","publisher":{"@id":"https:\/\/www.hkdsnowmakers.com\/fr\/#organization"},"potentialAction":[{"@type":"SearchAction","target":{"@type":"EntryPoint","urlTemplate":"https:\/\/www.hkdsnowmakers.com\/fr\/?s={search_term_string}"},"query-input":{"@type":"PropertyValueSpecification","valueRequired":true,"valueName":"search_term_string"}}],"inLanguage":"fr-FR"},{"@type":"Organization","@id":"https:\/\/www.hkdsnowmakers.com\/fr\/#organization","name":"HKD Snowmakers","url":"https:\/\/www.hkdsnowmakers.com\/fr\/","logo":{"@type":"ImageObject","inLanguage":"fr-FR","@id":"https:\/\/www.hkdsnowmakers.com\/fr\/#\/schema\/logo\/image\/","url":"https:\/\/www.hkdsnowmakers.com\/wp-content\/uploads\/2019\/05\/hdk_logo.png","contentUrl":"https:\/\/www.hkdsnowmakers.com\/wp-content\/uploads\/2019\/05\/hdk_logo.png","width":1250,"height":381,"caption":"HKD Snowmakers"},"image":{"@id":"https:\/\/www.hkdsnowmakers.com\/fr\/#\/schema\/logo\/image\/"}}]}},"_links":{"self":[{"href":"https:\/\/www.hkdsnowmakers.com\/fr\/wp-json\/wp\/v2\/pages\/2006","targetHints":{"allow":["GET"]}}],"collection":[{"href":"https:\/\/www.hkdsnowmakers.com\/fr\/wp-json\/wp\/v2\/pages"}],"about":[{"href":"https:\/\/www.hkdsnowmakers.com\/fr\/wp-json\/wp\/v2\/types\/page"}],"author":[{"embeddable":true,"href":"https:\/\/www.hkdsnowmakers.com\/fr\/wp-json\/wp\/v2\/users\/2"}],"replies":[{"embeddable":true,"href":"https:\/\/www.hkdsnowmakers.com\/fr\/wp-json\/wp\/v2\/comments?post=2006"}],"version-history":[{"count":0,"href":"https:\/\/www.hkdsnowmakers.com\/fr\/wp-json\/wp\/v2\/pages\/2006\/revisions"}],"wp:attachment":[{"href":"https:\/\/www.hkdsnowmakers.com\/fr\/wp-json\/wp\/v2\/media?parent=2006"}],"curies":[{"name":"wp","href":"https:\/\/api.w.org\/{rel}","templated":true}]}}