{"id":2011,"date":"2020-08-01T12:34:34","date_gmt":"2020-08-01T12:34:34","guid":{"rendered":"https:\/\/www.hkdsnowmakers.com\/produits\/phazer\/"},"modified":"2020-08-12T10:42:02","modified_gmt":"2020-08-12T10:42:02","slug":"phazer","status":"publish","type":"page","link":"https:\/\/www.hkdsnowmakers.com\/fr\/produits\/phazer\/","title":{"rendered":"Phazer"},"content":{"rendered":"<h1>\n\t\tPHAZER\n\t<\/h1>\n<h2>\n\t\tAIR &#038; EAU\n\t<\/h2>\n\t<p>Le Phazer HKD est con\u00e7u pour op\u00e9rer dans les espaces restreints qui demande un jet directionnel \u00e9troit comme les pistes de motoneige, les remontes pentes et les pistes de ski de fond. Comme l\u2019Impulse, le Phazer utilise la nucl\u00e9ation hybride et le d\u00e9bit d\u2019air variable, donc performance et production en basse temp\u00e9rature vont de pairs.<\/p>\n<p>Le Phazer utilise \u00e9galement notre technologie de Valve Rotative rendant le changement s\u00e9quentiel de stage \u00e0 stage facile \u00e0 comprendre tout en simplifiant l\u2019op\u00e9ration et la maintenance.<\/p>\n<p>Le cinqui\u00e8me d\u00e9bit d&rsquo;eau permet au Phazer d\u2019op\u00e9rer dans une plus large plage de temp\u00e9rature avec un d\u00e9bit d\u2019eau plus \u00e9lev\u00e9.\u00a0Cette perche capitalise sur notre nucl\u00e9ation hybride et le d\u00e9bit d&rsquo;air variable pour optimiser la qualit\u00e9 de la neige et la production de neige dans toutes les fen\u00eatres de temp\u00e9rature.\u00a0Les stages 1 \u00e0 3 augmentent le d\u00e9bit d\u2019eau tandis que les stages 4 et 5 augmentent le d\u00e9bit d&rsquo;eau et \u00e9liminent le d\u00e9bit d&rsquo;air des quatre nucl\u00e9ateurs sup\u00e9rieurs diminuant le CFM jusqu\u2019\u00e0 85%.\u00a0Le Phazer peut \u00eatre install\u00e9 sur une perche ou op\u00e9r\u00e9 sur notre tra\u00eeneau Viper ou Tripod ou mont\u00e9 sur un Boom sur le c\u00f4t\u00e9 de la piste.<\/p>\n\t\t\t<a href=\"\/fr\/contact\" target=\"_self\" role=\"button\" rel=\"noopener noreferrer\">\n\t\t\t\t\t\t\tCONTACTEZ LES VENTES\n\t\t\t\t\t<\/a>\n\t\t\t\t<img loading=\"lazy\" decoding=\"async\" src=\"https:\/\/www.hkdsnowmakers.com\/wp-content\/uploads\/2019\/10\/thumb-phazer-main-hkd-snowmakers.png\" alt=\"HKD Snowmakers\" itemprop=\"image\" height=\"757\" width=\"212\" title=\"thumb-phazer-main-hkd-snowmakers\" onerror=\"this.style.display='none'\"  \/>\n\t<div class=\"carousel-slider-outer carousel-slider-outer-image-carousel carousel-slider-outer-280\" style=\"--carousel-slider-nav-color:#ffffff;--carousel-slider-active-nav-color:#e87424;--carousel-slider-arrow-size:48px;--carousel-slider-bullet-size:10px\">\n<div id=\"&#039;id-280\" class=\"carousel-slider carousel-slider-280 arrows-visibility-always dots-visibility-never arrows-inside dots-center dots-square owl-carousel\" data-slide-type=\"image-carousel\" data-owl-settings='{\"nav\":true,\"dots\":false,\"slideBy\":1,\"stagePadding\":0,\"margin\":0,\"loop\":true,\"lazyLoad\":false,\"autoplay\":false,\"autoplayTimeout\":5000,\"autoplaySpeed\":500,\"autoplayHoverPause\":false,\"autoWidth\":false,\"responsive\":{\"300\":{\"items\":1},\"576\":{\"items\":2},\"768\":{\"items\":2},\"1024\":{\"items\":3},\"1280\":{\"items\":4},\"1536\":{\"items\":5}}}'>\n<div class=\"carousel-slider__item\">\n\t<a class=\"magnific-popup\" href=\"https:\/\/www.hkdsnowmakers.com\/wp-content\/uploads\/2019\/10\/gallery-phazer-img1-hkd-snowmakers.jpg\" data-width=\"770\" data-height=\"950\"><img loading=\"lazy\" decoding=\"async\" width=\"770\" height=\"950\" src=\"https:\/\/www.hkdsnowmakers.com\/wp-content\/uploads\/2019\/10\/gallery-phazer-img1-hkd-snowmakers.jpg\" class=\"attachment-large size-large\" alt=\"HKD Snowmakers\" srcset=\"https:\/\/www.hkdsnowmakers.com\/wp-content\/uploads\/2019\/10\/gallery-phazer-img1-hkd-snowmakers.jpg 770w, https:\/\/www.hkdsnowmakers.com\/wp-content\/uploads\/2019\/10\/gallery-phazer-img1-hkd-snowmakers-243x300.jpg 243w, https:\/\/www.hkdsnowmakers.com\/wp-content\/uploads\/2019\/10\/gallery-phazer-img1-hkd-snowmakers-768x948.jpg 768w\" sizes=\"auto, (max-width: 770px) 100vw, 770px\" \/><\/a><\/div>\n\n<div class=\"carousel-slider__item\">\n\t<a class=\"magnific-popup\" href=\"https:\/\/www.hkdsnowmakers.com\/wp-content\/uploads\/2019\/10\/gallery-phazer-img2-hkd-snowmakers.jpg\" data-width=\"770\" data-height=\"950\"><img loading=\"lazy\" decoding=\"async\" width=\"770\" height=\"950\" src=\"https:\/\/www.hkdsnowmakers.com\/wp-content\/uploads\/2019\/10\/gallery-phazer-img2-hkd-snowmakers.jpg\" class=\"attachment-large size-large\" alt=\"HKD Snowmakers\" srcset=\"https:\/\/www.hkdsnowmakers.com\/wp-content\/uploads\/2019\/10\/gallery-phazer-img2-hkd-snowmakers.jpg 770w, https:\/\/www.hkdsnowmakers.com\/wp-content\/uploads\/2019\/10\/gallery-phazer-img2-hkd-snowmakers-243x300.jpg 243w, https:\/\/www.hkdsnowmakers.com\/wp-content\/uploads\/2019\/10\/gallery-phazer-img2-hkd-snowmakers-768x948.jpg 768w\" sizes=\"auto, (max-width: 770px) 100vw, 770px\" \/><\/a><\/div>\n\n<div class=\"carousel-slider__item\">\n\t<a class=\"magnific-popup\" href=\"https:\/\/www.hkdsnowmakers.com\/wp-content\/uploads\/2019\/10\/gallery-phazer-img3-hkd-snowmakers.jpg\" data-width=\"770\" data-height=\"950\"><img loading=\"lazy\" decoding=\"async\" width=\"770\" height=\"950\" src=\"https:\/\/www.hkdsnowmakers.com\/wp-content\/uploads\/2019\/10\/gallery-phazer-img3-hkd-snowmakers.jpg\" class=\"attachment-large size-large\" alt=\"HKD Snowmakers\" srcset=\"https:\/\/www.hkdsnowmakers.com\/wp-content\/uploads\/2019\/10\/gallery-phazer-img3-hkd-snowmakers.jpg 770w, https:\/\/www.hkdsnowmakers.com\/wp-content\/uploads\/2019\/10\/gallery-phazer-img3-hkd-snowmakers-243x300.jpg 243w, https:\/\/www.hkdsnowmakers.com\/wp-content\/uploads\/2019\/10\/gallery-phazer-img3-hkd-snowmakers-768x948.jpg 768w\" sizes=\"auto, (max-width: 770px) 100vw, 770px\" \/><\/a><\/div>\n\n<div class=\"carousel-slider__item\">\n\t<a class=\"magnific-popup\" href=\"https:\/\/www.hkdsnowmakers.com\/wp-content\/uploads\/2019\/10\/gallery-phazer-img4-hkd-snowmakers.jpg\" data-width=\"770\" data-height=\"950\"><img loading=\"lazy\" decoding=\"async\" width=\"770\" height=\"950\" src=\"https:\/\/www.hkdsnowmakers.com\/wp-content\/uploads\/2019\/10\/gallery-phazer-img4-hkd-snowmakers.jpg\" class=\"attachment-large size-large\" alt=\"HKD Snowmakers\" srcset=\"https:\/\/www.hkdsnowmakers.com\/wp-content\/uploads\/2019\/10\/gallery-phazer-img4-hkd-snowmakers.jpg 770w, https:\/\/www.hkdsnowmakers.com\/wp-content\/uploads\/2019\/10\/gallery-phazer-img4-hkd-snowmakers-243x300.jpg 243w, https:\/\/www.hkdsnowmakers.com\/wp-content\/uploads\/2019\/10\/gallery-phazer-img4-hkd-snowmakers-768x948.jpg 768w\" sizes=\"auto, (max-width: 770px) 100vw, 770px\" \/><\/a><\/div>\n\n<div class=\"carousel-slider__item\">\n\t<a class=\"magnific-popup\" href=\"https:\/\/www.hkdsnowmakers.com\/wp-content\/uploads\/2020\/06\/IMG_9320.jpeg\" data-width=\"771\" data-height=\"946\"><img loading=\"lazy\" decoding=\"async\" width=\"771\" height=\"946\" src=\"https:\/\/www.hkdsnowmakers.com\/wp-content\/uploads\/2020\/06\/IMG_9320.jpeg\" class=\"attachment-large size-large\" alt=\"\" srcset=\"https:\/\/www.hkdsnowmakers.com\/wp-content\/uploads\/2020\/06\/IMG_9320.jpeg 771w, https:\/\/www.hkdsnowmakers.com\/wp-content\/uploads\/2020\/06\/IMG_9320-245x300.jpeg 245w, https:\/\/www.hkdsnowmakers.com\/wp-content\/uploads\/2020\/06\/IMG_9320-768x942.jpeg 768w\" sizes=\"auto, (max-width: 771px) 100vw, 771px\" \/><\/a><\/div>\n\n<div class=\"carousel-slider__item\">\n\t<a class=\"magnific-popup\" href=\"https:\/\/www.hkdsnowmakers.com\/wp-content\/uploads\/2020\/06\/IMG_4748-1.jpeg\" data-width=\"770\" data-height=\"950\"><img loading=\"lazy\" decoding=\"async\" width=\"770\" height=\"950\" src=\"https:\/\/www.hkdsnowmakers.com\/wp-content\/uploads\/2020\/06\/IMG_4748-1.jpeg\" class=\"attachment-large size-large\" alt=\"\" srcset=\"https:\/\/www.hkdsnowmakers.com\/wp-content\/uploads\/2020\/06\/IMG_4748-1.jpeg 770w, https:\/\/www.hkdsnowmakers.com\/wp-content\/uploads\/2020\/06\/IMG_4748-1-243x300.jpeg 243w, https:\/\/www.hkdsnowmakers.com\/wp-content\/uploads\/2020\/06\/IMG_4748-1-768x948.jpeg 768w\" sizes=\"auto, (max-width: 770px) 100vw, 770px\" \/><\/a><\/div>\n\n<div class=\"carousel-slider__item\">\n\t<a class=\"magnific-popup\" href=\"https:\/\/www.hkdsnowmakers.com\/wp-content\/uploads\/2019\/10\/gallery-phazer-img5-hkd-snowmakers.jpg\" data-width=\"770\" data-height=\"950\"><img loading=\"lazy\" decoding=\"async\" width=\"770\" height=\"950\" src=\"https:\/\/www.hkdsnowmakers.com\/wp-content\/uploads\/2019\/10\/gallery-phazer-img5-hkd-snowmakers.jpg\" class=\"attachment-large size-large\" alt=\"HKD Snowmakers\" srcset=\"https:\/\/www.hkdsnowmakers.com\/wp-content\/uploads\/2019\/10\/gallery-phazer-img5-hkd-snowmakers.jpg 770w, https:\/\/www.hkdsnowmakers.com\/wp-content\/uploads\/2019\/10\/gallery-phazer-img5-hkd-snowmakers-243x300.jpg 243w, https:\/\/www.hkdsnowmakers.com\/wp-content\/uploads\/2019\/10\/gallery-phazer-img5-hkd-snowmakers-768x948.jpg 768w\" sizes=\"auto, (max-width: 770px) 100vw, 770px\" \/><\/a><\/div>\n\n<div class=\"carousel-slider__item\">\n\t<a class=\"magnific-popup\" href=\"https:\/\/www.hkdsnowmakers.com\/wp-content\/uploads\/2019\/10\/gallery-phazer-img6-hkd-snowmakers.jpg\" data-width=\"770\" data-height=\"950\"><img loading=\"lazy\" decoding=\"async\" width=\"770\" height=\"950\" src=\"https:\/\/www.hkdsnowmakers.com\/wp-content\/uploads\/2019\/10\/gallery-phazer-img6-hkd-snowmakers.jpg\" class=\"attachment-large size-large\" alt=\"HKD Snowmakers\" srcset=\"https:\/\/www.hkdsnowmakers.com\/wp-content\/uploads\/2019\/10\/gallery-phazer-img6-hkd-snowmakers.jpg 770w, https:\/\/www.hkdsnowmakers.com\/wp-content\/uploads\/2019\/10\/gallery-phazer-img6-hkd-snowmakers-243x300.jpg 243w, https:\/\/www.hkdsnowmakers.com\/wp-content\/uploads\/2019\/10\/gallery-phazer-img6-hkd-snowmakers-768x948.jpg 768w\" sizes=\"auto, (max-width: 770px) 100vw, 770px\" \/><\/a><\/div>\n\n<div class=\"carousel-slider__item\">\n\t<a class=\"magnific-popup\" href=\"https:\/\/www.hkdsnowmakers.com\/wp-content\/uploads\/2019\/10\/gallery-phazer-img7-hkd-snowmakers.jpg\" data-width=\"770\" data-height=\"950\"><img loading=\"lazy\" decoding=\"async\" width=\"770\" height=\"950\" src=\"https:\/\/www.hkdsnowmakers.com\/wp-content\/uploads\/2019\/10\/gallery-phazer-img7-hkd-snowmakers.jpg\" class=\"attachment-large size-large\" alt=\"HKD Snowmakers\" srcset=\"https:\/\/www.hkdsnowmakers.com\/wp-content\/uploads\/2019\/10\/gallery-phazer-img7-hkd-snowmakers.jpg 770w, https:\/\/www.hkdsnowmakers.com\/wp-content\/uploads\/2019\/10\/gallery-phazer-img7-hkd-snowmakers-243x300.jpg 243w, https:\/\/www.hkdsnowmakers.com\/wp-content\/uploads\/2019\/10\/gallery-phazer-img7-hkd-snowmakers-768x948.jpg 768w\" sizes=\"auto, (max-width: 770px) 100vw, 770px\" \/><\/a><\/div>\n\n<div class=\"carousel-slider__item\">\n\t<a class=\"magnific-popup\" href=\"https:\/\/www.hkdsnowmakers.com\/wp-content\/uploads\/2019\/10\/gallery-phazer-img8-hkd-snowmakers.jpg\" data-width=\"770\" data-height=\"950\"><img loading=\"lazy\" decoding=\"async\" width=\"770\" height=\"950\" src=\"https:\/\/www.hkdsnowmakers.com\/wp-content\/uploads\/2019\/10\/gallery-phazer-img8-hkd-snowmakers.jpg\" class=\"attachment-large size-large\" alt=\"HKD Snowmakers\" srcset=\"https:\/\/www.hkdsnowmakers.com\/wp-content\/uploads\/2019\/10\/gallery-phazer-img8-hkd-snowmakers.jpg 770w, https:\/\/www.hkdsnowmakers.com\/wp-content\/uploads\/2019\/10\/gallery-phazer-img8-hkd-snowmakers-243x300.jpg 243w, https:\/\/www.hkdsnowmakers.com\/wp-content\/uploads\/2019\/10\/gallery-phazer-img8-hkd-snowmakers-768x948.jpg 768w\" sizes=\"auto, (max-width: 770px) 100vw, 770px\" \/><\/a><\/div>\n\n<div class=\"carousel-slider__item\">\n\t<a class=\"magnific-popup\" href=\"https:\/\/www.hkdsnowmakers.com\/wp-content\/uploads\/2019\/10\/gallery-phazer-img9-hkd-snowmakers.jpg\" data-width=\"770\" data-height=\"950\"><img loading=\"lazy\" decoding=\"async\" width=\"770\" height=\"950\" src=\"https:\/\/www.hkdsnowmakers.com\/wp-content\/uploads\/2019\/10\/gallery-phazer-img9-hkd-snowmakers.jpg\" class=\"attachment-large size-large\" alt=\"HKD Snowmakers\" srcset=\"https:\/\/www.hkdsnowmakers.com\/wp-content\/uploads\/2019\/10\/gallery-phazer-img9-hkd-snowmakers.jpg 770w, https:\/\/www.hkdsnowmakers.com\/wp-content\/uploads\/2019\/10\/gallery-phazer-img9-hkd-snowmakers-243x300.jpg 243w, https:\/\/www.hkdsnowmakers.com\/wp-content\/uploads\/2019\/10\/gallery-phazer-img9-hkd-snowmakers-768x948.jpg 768w\" sizes=\"auto, (max-width: 770px) 100vw, 770px\" \/><\/a><\/div>\n\n<div class=\"carousel-slider__item\">\n\t<a class=\"magnific-popup\" href=\"https:\/\/www.hkdsnowmakers.com\/wp-content\/uploads\/2019\/10\/gallery-phazer-img10-hkd-snowmakers.jpg\" data-width=\"770\" data-height=\"950\"><img loading=\"lazy\" decoding=\"async\" width=\"770\" height=\"950\" src=\"https:\/\/www.hkdsnowmakers.com\/wp-content\/uploads\/2019\/10\/gallery-phazer-img10-hkd-snowmakers.jpg\" class=\"attachment-large size-large\" alt=\"HKD Snowmakers\" srcset=\"https:\/\/www.hkdsnowmakers.com\/wp-content\/uploads\/2019\/10\/gallery-phazer-img10-hkd-snowmakers.jpg 770w, https:\/\/www.hkdsnowmakers.com\/wp-content\/uploads\/2019\/10\/gallery-phazer-img10-hkd-snowmakers-243x300.jpg 243w, https:\/\/www.hkdsnowmakers.com\/wp-content\/uploads\/2019\/10\/gallery-phazer-img10-hkd-snowmakers-768x948.jpg 768w\" sizes=\"auto, (max-width: 770px) 100vw, 770px\" \/><\/a><\/div>\n\n<div class=\"carousel-slider__item\">\n\t<a class=\"magnific-popup\" href=\"https:\/\/www.hkdsnowmakers.com\/wp-content\/uploads\/2019\/10\/gallery-phazer-img11-hkd-snowmakers.jpg\" data-width=\"770\" data-height=\"950\"><img loading=\"lazy\" decoding=\"async\" width=\"770\" height=\"950\" src=\"https:\/\/www.hkdsnowmakers.com\/wp-content\/uploads\/2019\/10\/gallery-phazer-img11-hkd-snowmakers.jpg\" class=\"attachment-large size-large\" alt=\"HKD Snowmakers\" srcset=\"https:\/\/www.hkdsnowmakers.com\/wp-content\/uploads\/2019\/10\/gallery-phazer-img11-hkd-snowmakers.jpg 770w, https:\/\/www.hkdsnowmakers.com\/wp-content\/uploads\/2019\/10\/gallery-phazer-img11-hkd-snowmakers-243x300.jpg 243w, https:\/\/www.hkdsnowmakers.com\/wp-content\/uploads\/2019\/10\/gallery-phazer-img11-hkd-snowmakers-768x948.jpg 768w\" sizes=\"auto, (max-width: 770px) 100vw, 770px\" \/><\/a><\/div>\n\n<\/div><!-- .carousel-slider-280 -->\n<\/div><!-- .carousel-slider-outer-280 -->\n\n\t\t\t\t<img loading=\"lazy\" decoding=\"async\" src=\"https:\/\/www.hkdsnowmakers.com\/wp-content\/uploads\/2019\/10\/thumb-phazer-line-image-hkd-snowmakers.png\" alt=\"HKD Snowmakers\" itemprop=\"image\" height=\"700\" width=\"300\" title=\"thumb-phazer-line-image-hkd-snowmakers\" onerror=\"this.style.display='none'\"  \/>\n<h2>\n\t\tCARACT\u00c9RISTIQUES DU PRODUIT\n\t<\/h2>\n\t<table>\n\t<tr>\n\t\t<th>Hauteur:<\/th><td>\t2, 10, 20, 30 pi | 3, 6, 9 m<\/td><\/tr>\n\t<tr>\n\t\t<th>Poids: <\/th><td>\t50, 80, 120 lbs | 22, 36, 54 kg<\/td><\/tr>\n\t<tr>\n\t\t<th>Temp\u00e9rature humide de d\u00e9marrage:<\/th><td>\t28\u00b0F | -2\u00b0C<\/td><\/tr>\n\t<tr>\n\t\t<th>D\u00e9bit d\u2019eau:<\/th><td>\t12-50 gpm | 46-190 LPM<\/td><\/tr>\n\t<tr>\n\t\t<th>Pression d&rsquo;eau minimum:<\/th><td>\t200 PSI | 13 Bar<\/td><\/tr>\n\t<tr>\n\t\t<th>D\u00e9bit d&rsquo;air:<\/th><td>\t5 &#8211; 35 cfm | 8-59 m<sup>3<\/sup>\/h<\/td><\/tr>\n\t<tr>\n\t\t<th>Pression d&rsquo;air minimum:<\/th><td>\t85 PSI | 6 Bar<\/td><\/tr>\t\n\t<tr>\n\t\t<th>Projection:<\/th><td>\t30 &#8211; 125 pi \/ 9 &#8211; 38 m<\/td><\/tr>\n\t<tr>\n\t\t<th>Stages:<\/th><td>5<\/td><\/tr>\n<\/table>\n\t\t\t<a href=\"\/wp-content\/uploads\/2019\/09\/products-spec-sheet-phazer.pdf\" target=\"_blank\" role=\"button\" rel=\"noopener noreferrer\">\n\t\t\t\t\t\t\tT\u00e9l\u00e9charger toutes les sp\u00e9cifications\n\t\t\t\t\t<\/a>\n<h2>\n\t\tACCESSOIRES\n\t<\/h2>\n\t\t\t\t<img loading=\"lazy\" decoding=\"async\" src=\"https:\/\/www.hkdsnowmakers.com\/wp-content\/uploads\/2020\/08\/Francais-Banner.png\" alt=\"Francais-Banner\" itemprop=\"image\" height=\"231\" width=\"912\" title=\"Francais-Banner\" onerror=\"this.style.display='none'\"  \/>\n\t\t\t<a href=\"https:\/\/www.hkdsnowmakers.com\/fr\/produits\/#air-eau\" target=\"_self\" role=\"button\" rel=\"noopener noreferrer\">\n\t\t\t\t\t\t\tVOIR TOUS LES AIR\/EAU\n\t\t\t\t\t<\/a>\n","protected":false},"excerpt":{"rendered":"<p>PHAZER AIR &#038; EAU Le Phazer HKD est con\u00e7u pour op\u00e9rer dans les espaces restreints qui demande un jet directionnel \u00e9troit comme les pistes de motoneige, les remontes pentes et les pistes de ski de fond. Comme l\u2019Impulse, le Phazer &hellip;<\/p>\n<p class=\"read-more\"> <a class=\"ast-button\" href=\"https:\/\/www.hkdsnowmakers.com\/fr\/produits\/phazer\/\"> <span class=\"screen-reader-text\">Phazer<\/span> CONTINUEZ VOTRE LECTURE<\/a><\/p>\n","protected":false},"author":2,"featured_media":0,"parent":1998,"menu_order":0,"comment_status":"closed","ping_status":"closed","template":"","meta":{"footnotes":""},"class_list":["post-2011","page","type-page","status-publish","hentry"],"yoast_head":"<!-- This site is optimized with the Yoast SEO plugin v26.0 - https:\/\/yoast.com\/wordpress\/plugins\/seo\/ -->\n<title>HKD Snowmakers Phazer<\/title>\n<meta name=\"description\" content=\"HKD SnowmakerPhazer\" \/>\n<meta name=\"robots\" content=\"index, follow, max-snippet:-1, max-image-preview:large, max-video-preview:-1\" \/>\n<link rel=\"canonical\" href=\"https:\/\/www.hkdsnowmakers.com\/fr\/produits\/phazer\/\" \/>\n<meta property=\"og:locale\" content=\"fr_FR\" \/>\n<meta property=\"og:type\" content=\"article\" \/>\n<meta property=\"og:title\" content=\"HKD Snowmakers Phazer\" \/>\n<meta property=\"og:description\" content=\"HKD SnowmakerPhazer\" \/>\n<meta property=\"og:url\" content=\"https:\/\/www.hkdsnowmakers.com\/fr\/produits\/phazer\/\" \/>\n<meta property=\"og:site_name\" content=\"HKD Snowmakers\" \/>\n<meta property=\"article:modified_time\" content=\"2020-08-12T10:42:02+00:00\" \/>\n<meta property=\"og:image\" content=\"https:\/\/www.hkdsnowmakers.com\/wp-content\/uploads\/2019\/10\/thumb-phazer-main-hkd-snowmakers.png\" \/>\n<meta name=\"twitter:card\" content=\"summary_large_image\" \/>\n<meta name=\"twitter:label1\" content=\"Dur\u00e9e de lecture estim\u00e9e\" \/>\n\t<meta name=\"twitter:data1\" content=\"1 minute\" \/>\n<script type=\"application\/ld+json\" class=\"yoast-schema-graph\">{\"@context\":\"https:\/\/schema.org\",\"@graph\":[{\"@type\":\"WebPage\",\"@id\":\"https:\/\/www.hkdsnowmakers.com\/fr\/produits\/phazer\/\",\"url\":\"https:\/\/www.hkdsnowmakers.com\/fr\/produits\/phazer\/\",\"name\":\"HKD Snowmakers Phazer\",\"isPartOf\":{\"@id\":\"https:\/\/www.hkdsnowmakers.com\/fr\/#website\"},\"primaryImageOfPage\":{\"@id\":\"https:\/\/www.hkdsnowmakers.com\/fr\/produits\/phazer\/#primaryimage\"},\"image\":{\"@id\":\"https:\/\/www.hkdsnowmakers.com\/fr\/produits\/phazer\/#primaryimage\"},\"thumbnailUrl\":\"https:\/\/www.hkdsnowmakers.com\/wp-content\/uploads\/2019\/10\/thumb-phazer-main-hkd-snowmakers.png\",\"datePublished\":\"2020-08-01T12:34:34+00:00\",\"dateModified\":\"2020-08-12T10:42:02+00:00\",\"description\":\"HKD SnowmakerPhazer\",\"breadcrumb\":{\"@id\":\"https:\/\/www.hkdsnowmakers.com\/fr\/produits\/phazer\/#breadcrumb\"},\"inLanguage\":\"fr-FR\",\"potentialAction\":[{\"@type\":\"ReadAction\",\"target\":[\"https:\/\/www.hkdsnowmakers.com\/fr\/produits\/phazer\/\"]}]},{\"@type\":\"ImageObject\",\"inLanguage\":\"fr-FR\",\"@id\":\"https:\/\/www.hkdsnowmakers.com\/fr\/produits\/phazer\/#primaryimage\",\"url\":\"https:\/\/www.hkdsnowmakers.com\/wp-content\/uploads\/2019\/10\/thumb-phazer-main-hkd-snowmakers.png\",\"contentUrl\":\"https:\/\/www.hkdsnowmakers.com\/wp-content\/uploads\/2019\/10\/thumb-phazer-main-hkd-snowmakers.png\"},{\"@type\":\"BreadcrumbList\",\"@id\":\"https:\/\/www.hkdsnowmakers.com\/fr\/produits\/phazer\/#breadcrumb\",\"itemListElement\":[{\"@type\":\"ListItem\",\"position\":1,\"name\":\"Home\",\"item\":\"https:\/\/www.hkdsnowmakers.com\/fr\/page-daccueil\/\"},{\"@type\":\"ListItem\",\"position\":2,\"name\":\"Produits\",\"item\":\"https:\/\/www.hkdsnowmakers.com\/fr\/produits\/\"},{\"@type\":\"ListItem\",\"position\":3,\"name\":\"Phazer\"}]},{\"@type\":\"WebSite\",\"@id\":\"https:\/\/www.hkdsnowmakers.com\/fr\/#website\",\"url\":\"https:\/\/www.hkdsnowmakers.com\/fr\/\",\"name\":\"HKD Snowmakers\",\"description\":\"People, Product, Passion\",\"publisher\":{\"@id\":\"https:\/\/www.hkdsnowmakers.com\/fr\/#organization\"},\"potentialAction\":[{\"@type\":\"SearchAction\",\"target\":{\"@type\":\"EntryPoint\",\"urlTemplate\":\"https:\/\/www.hkdsnowmakers.com\/fr\/?s={search_term_string}\"},\"query-input\":{\"@type\":\"PropertyValueSpecification\",\"valueRequired\":true,\"valueName\":\"search_term_string\"}}],\"inLanguage\":\"fr-FR\"},{\"@type\":\"Organization\",\"@id\":\"https:\/\/www.hkdsnowmakers.com\/fr\/#organization\",\"name\":\"HKD Snowmakers\",\"url\":\"https:\/\/www.hkdsnowmakers.com\/fr\/\",\"logo\":{\"@type\":\"ImageObject\",\"inLanguage\":\"fr-FR\",\"@id\":\"https:\/\/www.hkdsnowmakers.com\/fr\/#\/schema\/logo\/image\/\",\"url\":\"https:\/\/www.hkdsnowmakers.com\/wp-content\/uploads\/2019\/05\/hdk_logo.png\",\"contentUrl\":\"https:\/\/www.hkdsnowmakers.com\/wp-content\/uploads\/2019\/05\/hdk_logo.png\",\"width\":1250,\"height\":381,\"caption\":\"HKD Snowmakers\"},\"image\":{\"@id\":\"https:\/\/www.hkdsnowmakers.com\/fr\/#\/schema\/logo\/image\/\"}}]}<\/script>\n<!-- \/ Yoast SEO plugin. -->","yoast_head_json":{"title":"HKD Snowmakers Phazer","description":"HKD SnowmakerPhazer","robots":{"index":"index","follow":"follow","max-snippet":"max-snippet:-1","max-image-preview":"max-image-preview:large","max-video-preview":"max-video-preview:-1"},"canonical":"https:\/\/www.hkdsnowmakers.com\/fr\/produits\/phazer\/","og_locale":"fr_FR","og_type":"article","og_title":"HKD Snowmakers Phazer","og_description":"HKD SnowmakerPhazer","og_url":"https:\/\/www.hkdsnowmakers.com\/fr\/produits\/phazer\/","og_site_name":"HKD Snowmakers","article_modified_time":"2020-08-12T10:42:02+00:00","og_image":[{"url":"https:\/\/www.hkdsnowmakers.com\/wp-content\/uploads\/2019\/10\/thumb-phazer-main-hkd-snowmakers.png","type":"","width":"","height":""}],"twitter_card":"summary_large_image","twitter_misc":{"Dur\u00e9e de lecture estim\u00e9e":"1 minute"},"schema":{"@context":"https:\/\/schema.org","@graph":[{"@type":"WebPage","@id":"https:\/\/www.hkdsnowmakers.com\/fr\/produits\/phazer\/","url":"https:\/\/www.hkdsnowmakers.com\/fr\/produits\/phazer\/","name":"HKD Snowmakers Phazer","isPartOf":{"@id":"https:\/\/www.hkdsnowmakers.com\/fr\/#website"},"primaryImageOfPage":{"@id":"https:\/\/www.hkdsnowmakers.com\/fr\/produits\/phazer\/#primaryimage"},"image":{"@id":"https:\/\/www.hkdsnowmakers.com\/fr\/produits\/phazer\/#primaryimage"},"thumbnailUrl":"https:\/\/www.hkdsnowmakers.com\/wp-content\/uploads\/2019\/10\/thumb-phazer-main-hkd-snowmakers.png","datePublished":"2020-08-01T12:34:34+00:00","dateModified":"2020-08-12T10:42:02+00:00","description":"HKD SnowmakerPhazer","breadcrumb":{"@id":"https:\/\/www.hkdsnowmakers.com\/fr\/produits\/phazer\/#breadcrumb"},"inLanguage":"fr-FR","potentialAction":[{"@type":"ReadAction","target":["https:\/\/www.hkdsnowmakers.com\/fr\/produits\/phazer\/"]}]},{"@type":"ImageObject","inLanguage":"fr-FR","@id":"https:\/\/www.hkdsnowmakers.com\/fr\/produits\/phazer\/#primaryimage","url":"https:\/\/www.hkdsnowmakers.com\/wp-content\/uploads\/2019\/10\/thumb-phazer-main-hkd-snowmakers.png","contentUrl":"https:\/\/www.hkdsnowmakers.com\/wp-content\/uploads\/2019\/10\/thumb-phazer-main-hkd-snowmakers.png"},{"@type":"BreadcrumbList","@id":"https:\/\/www.hkdsnowmakers.com\/fr\/produits\/phazer\/#breadcrumb","itemListElement":[{"@type":"ListItem","position":1,"name":"Home","item":"https:\/\/www.hkdsnowmakers.com\/fr\/page-daccueil\/"},{"@type":"ListItem","position":2,"name":"Produits","item":"https:\/\/www.hkdsnowmakers.com\/fr\/produits\/"},{"@type":"ListItem","position":3,"name":"Phazer"}]},{"@type":"WebSite","@id":"https:\/\/www.hkdsnowmakers.com\/fr\/#website","url":"https:\/\/www.hkdsnowmakers.com\/fr\/","name":"HKD Snowmakers","description":"People, Product, Passion","publisher":{"@id":"https:\/\/www.hkdsnowmakers.com\/fr\/#organization"},"potentialAction":[{"@type":"SearchAction","target":{"@type":"EntryPoint","urlTemplate":"https:\/\/www.hkdsnowmakers.com\/fr\/?s={search_term_string}"},"query-input":{"@type":"PropertyValueSpecification","valueRequired":true,"valueName":"search_term_string"}}],"inLanguage":"fr-FR"},{"@type":"Organization","@id":"https:\/\/www.hkdsnowmakers.com\/fr\/#organization","name":"HKD Snowmakers","url":"https:\/\/www.hkdsnowmakers.com\/fr\/","logo":{"@type":"ImageObject","inLanguage":"fr-FR","@id":"https:\/\/www.hkdsnowmakers.com\/fr\/#\/schema\/logo\/image\/","url":"https:\/\/www.hkdsnowmakers.com\/wp-content\/uploads\/2019\/05\/hdk_logo.png","contentUrl":"https:\/\/www.hkdsnowmakers.com\/wp-content\/uploads\/2019\/05\/hdk_logo.png","width":1250,"height":381,"caption":"HKD Snowmakers"},"image":{"@id":"https:\/\/www.hkdsnowmakers.com\/fr\/#\/schema\/logo\/image\/"}}]}},"_links":{"self":[{"href":"https:\/\/www.hkdsnowmakers.com\/fr\/wp-json\/wp\/v2\/pages\/2011","targetHints":{"allow":["GET"]}}],"collection":[{"href":"https:\/\/www.hkdsnowmakers.com\/fr\/wp-json\/wp\/v2\/pages"}],"about":[{"href":"https:\/\/www.hkdsnowmakers.com\/fr\/wp-json\/wp\/v2\/types\/page"}],"author":[{"embeddable":true,"href":"https:\/\/www.hkdsnowmakers.com\/fr\/wp-json\/wp\/v2\/users\/2"}],"replies":[{"embeddable":true,"href":"https:\/\/www.hkdsnowmakers.com\/fr\/wp-json\/wp\/v2\/comments?post=2011"}],"version-history":[{"count":0,"href":"https:\/\/www.hkdsnowmakers.com\/fr\/wp-json\/wp\/v2\/pages\/2011\/revisions"}],"up":[{"embeddable":true,"href":"https:\/\/www.hkdsnowmakers.com\/fr\/wp-json\/wp\/v2\/pages\/1998"}],"wp:attachment":[{"href":"https:\/\/www.hkdsnowmakers.com\/fr\/wp-json\/wp\/v2\/media?parent=2011"}],"curies":[{"name":"wp","href":"https:\/\/api.w.org\/{rel}","templated":true}]}}