{"id":2018,"date":"2020-08-01T12:36:36","date_gmt":"2020-08-01T12:36:36","guid":{"rendered":"https:\/\/www.hkdsnowmakers.com\/produits\/klik-manual\/"},"modified":"2020-08-12T10:40:54","modified_gmt":"2020-08-12T10:40:54","slug":"klik-manual","status":"publish","type":"page","link":"https:\/\/www.hkdsnowmakers.com\/fr\/produits\/klik-manual\/","title":{"rendered":"KLIK Manual"},"content":{"rendered":"<h1>\n\t\tMANUEL KLIK\n\t<\/h1>\n<h2>\n\t\tKLIK\n\t<\/h2>\n\t<p>Le KLIK HKD est un changeur de jeu pour les op\u00e9rateurs. Dans une fen\u00eatre d&rsquo;enneigement de 12 heures, l\u2019hydrant KLIK HKD manuel peut stimuler la production de neige de pr\u00e8s de 100% par rapport \u00e0 l&rsquo;utilisation des hydrants traditionnels et boyaux. Cette am\u00e9lioration significative est obtenue en \u00e9liminant l\u2019\u00e9tape de brancher et d\u00e9brancher les boyaux d&rsquo;air et d&rsquo;eau \u00e0 chaque borne.\u00a0Le temps de d\u00e9marrage peut \u00eatre aussi rapide que 1 minute au lieu de 5 \u00e0 10 minutes avec l&rsquo;ancienne technologie manuelle.<\/p>\n<p>L\u2019hydrant KLIK HKD est disponible en trois longueurs soit 12&Prime;, 48&Prime; et 96 \u00ab\u00a0et est capable de fonctionner en surface ou avec une tuyauterie enterr\u00e9e. L\u2019hydrant KLIK HKD peut \u00eatre automatis\u00e9.<\/p>\n\t\t\t<a href=\"\/fr\/contact\" target=\"_self\" role=\"button\" rel=\"noopener noreferrer\">\n\t\t\t\t\t\t\tCONTACTEZ LES VENTES\n\t\t\t\t\t<\/a>\n\t\t\t\t<img loading=\"lazy\" decoding=\"async\" src=\"https:\/\/www.hkdsnowmakers.com\/wp-content\/uploads\/2019\/10\/thumb-klik-manual-main-hkd-snowmakers.png\" alt=\"HKD Snowmakers\" itemprop=\"image\" height=\"651\" width=\"466\" title=\"thumb-klik-manual-main-hkd-snowmakers\" onerror=\"this.style.display='none'\"  \/>\n\t\t\t\t<a href=\"https:\/\/www.hkdsnowmakers.com\/wp-content\/uploads\/2019\/10\/thumb-klik-manual-graph1-hkd-snowmakers.jpg\" target=\"_self\" itemprop=\"url\" rel=\"noopener noreferrer\">\n\t\t\t\t<img loading=\"lazy\" decoding=\"async\" src=\"https:\/\/www.hkdsnowmakers.com\/wp-content\/uploads\/2019\/10\/thumb-klik-manual-graph1-hkd-snowmakers.jpg\" alt=\"HKD Snowmakers\" itemprop=\"image\" height=\"728\" width=\"940\" title=\"thumb-klik-manual-graph1-hkd-snowmakers\" onerror=\"this.style.display='none'\"  \/>\n\t\t\t\t<\/a>\n\t\t\t\t<a href=\"https:\/\/www.hkdsnowmakers.com\/wp-content\/uploads\/2019\/10\/thumb-klik-manual-graph2-hkd-snowmakers.jpg\" target=\"_self\" itemprop=\"url\" rel=\"noopener noreferrer\">\n\t\t\t\t<img loading=\"lazy\" decoding=\"async\" src=\"https:\/\/www.hkdsnowmakers.com\/wp-content\/uploads\/2019\/10\/thumb-klik-manual-graph2-hkd-snowmakers.jpg\" alt=\"HKD Snowmakers\" itemprop=\"image\" height=\"728\" width=\"940\" title=\"thumb-klik-manual-graph2-hkd-snowmakers\" onerror=\"this.style.display='none'\"  \/>\n\t\t\t\t<\/a>\n\t<div class=\"carousel-slider-outer carousel-slider-outer-image-carousel carousel-slider-outer-275\" style=\"--carousel-slider-nav-color:#ffffff;--carousel-slider-active-nav-color:#e87424;--carousel-slider-arrow-size:48px;--carousel-slider-bullet-size:10px\">\n<div id=\"&#039;id-275\" class=\"carousel-slider carousel-slider-275 arrows-visibility-always dots-visibility-never arrows-inside dots-center dots-square owl-carousel\" data-slide-type=\"image-carousel\" data-owl-settings='{\"nav\":true,\"dots\":false,\"slideBy\":1,\"stagePadding\":0,\"margin\":0,\"loop\":true,\"lazyLoad\":false,\"autoplay\":false,\"autoplayTimeout\":5000,\"autoplaySpeed\":500,\"autoplayHoverPause\":false,\"autoWidth\":false,\"responsive\":{\"300\":{\"items\":1},\"576\":{\"items\":2},\"768\":{\"items\":2},\"1024\":{\"items\":3},\"1280\":{\"items\":4},\"1536\":{\"items\":5}}}'>\n<div class=\"carousel-slider__item\">\n\t<a class=\"magnific-popup\" href=\"https:\/\/www.hkdsnowmakers.com\/wp-content\/uploads\/2019\/10\/gallery-klik-manual-img2-hkd-snowmakers.jpg\" data-width=\"770\" data-height=\"950\"><img loading=\"lazy\" decoding=\"async\" width=\"770\" height=\"950\" src=\"https:\/\/www.hkdsnowmakers.com\/wp-content\/uploads\/2019\/10\/gallery-klik-manual-img2-hkd-snowmakers.jpg\" class=\"attachment-large size-large\" alt=\"HKD Snowmakers\" srcset=\"https:\/\/www.hkdsnowmakers.com\/wp-content\/uploads\/2019\/10\/gallery-klik-manual-img2-hkd-snowmakers.jpg 770w, https:\/\/www.hkdsnowmakers.com\/wp-content\/uploads\/2019\/10\/gallery-klik-manual-img2-hkd-snowmakers-243x300.jpg 243w, https:\/\/www.hkdsnowmakers.com\/wp-content\/uploads\/2019\/10\/gallery-klik-manual-img2-hkd-snowmakers-768x948.jpg 768w\" sizes=\"auto, (max-width: 770px) 100vw, 770px\" \/><\/a><\/div>\n\n<div class=\"carousel-slider__item\">\n\t<a class=\"magnific-popup\" href=\"https:\/\/www.hkdsnowmakers.com\/wp-content\/uploads\/2019\/10\/gallery-klik-manual-img3-hkd-snowmakers.jpg\" data-width=\"770\" data-height=\"950\"><img loading=\"lazy\" decoding=\"async\" width=\"770\" height=\"950\" src=\"https:\/\/www.hkdsnowmakers.com\/wp-content\/uploads\/2019\/10\/gallery-klik-manual-img3-hkd-snowmakers.jpg\" class=\"attachment-large size-large\" alt=\"HKD Snowmakers\" srcset=\"https:\/\/www.hkdsnowmakers.com\/wp-content\/uploads\/2019\/10\/gallery-klik-manual-img3-hkd-snowmakers.jpg 770w, https:\/\/www.hkdsnowmakers.com\/wp-content\/uploads\/2019\/10\/gallery-klik-manual-img3-hkd-snowmakers-243x300.jpg 243w, https:\/\/www.hkdsnowmakers.com\/wp-content\/uploads\/2019\/10\/gallery-klik-manual-img3-hkd-snowmakers-768x948.jpg 768w\" sizes=\"auto, (max-width: 770px) 100vw, 770px\" \/><\/a><\/div>\n\n<div class=\"carousel-slider__item\">\n\t<a class=\"magnific-popup\" href=\"https:\/\/www.hkdsnowmakers.com\/wp-content\/uploads\/2019\/10\/gallery-klik-manual-img4-hkd-snowmakers.jpg\" data-width=\"770\" data-height=\"950\"><img loading=\"lazy\" decoding=\"async\" width=\"770\" height=\"950\" src=\"https:\/\/www.hkdsnowmakers.com\/wp-content\/uploads\/2019\/10\/gallery-klik-manual-img4-hkd-snowmakers.jpg\" class=\"attachment-large size-large\" alt=\"HKD Snowmakers\" srcset=\"https:\/\/www.hkdsnowmakers.com\/wp-content\/uploads\/2019\/10\/gallery-klik-manual-img4-hkd-snowmakers.jpg 770w, https:\/\/www.hkdsnowmakers.com\/wp-content\/uploads\/2019\/10\/gallery-klik-manual-img4-hkd-snowmakers-243x300.jpg 243w, https:\/\/www.hkdsnowmakers.com\/wp-content\/uploads\/2019\/10\/gallery-klik-manual-img4-hkd-snowmakers-768x948.jpg 768w\" sizes=\"auto, (max-width: 770px) 100vw, 770px\" \/><\/a><\/div>\n\n<div class=\"carousel-slider__item\">\n\t<a class=\"magnific-popup\" href=\"https:\/\/www.hkdsnowmakers.com\/wp-content\/uploads\/2019\/10\/gallery-klik-manual-img5-hkd-snowmakers.jpg\" data-width=\"770\" data-height=\"950\"><img loading=\"lazy\" decoding=\"async\" width=\"770\" height=\"950\" src=\"https:\/\/www.hkdsnowmakers.com\/wp-content\/uploads\/2019\/10\/gallery-klik-manual-img5-hkd-snowmakers.jpg\" class=\"attachment-large size-large\" alt=\"HKD Snowmakers\" srcset=\"https:\/\/www.hkdsnowmakers.com\/wp-content\/uploads\/2019\/10\/gallery-klik-manual-img5-hkd-snowmakers.jpg 770w, https:\/\/www.hkdsnowmakers.com\/wp-content\/uploads\/2019\/10\/gallery-klik-manual-img5-hkd-snowmakers-243x300.jpg 243w, https:\/\/www.hkdsnowmakers.com\/wp-content\/uploads\/2019\/10\/gallery-klik-manual-img5-hkd-snowmakers-768x948.jpg 768w\" sizes=\"auto, (max-width: 770px) 100vw, 770px\" \/><\/a><\/div>\n\n<div class=\"carousel-slider__item\">\n\t<a class=\"magnific-popup\" href=\"https:\/\/www.hkdsnowmakers.com\/wp-content\/uploads\/2019\/10\/gallery-klik-manual-img7-hkd-snowmakers.jpg\" data-width=\"770\" data-height=\"950\"><img loading=\"lazy\" decoding=\"async\" width=\"770\" height=\"950\" src=\"https:\/\/www.hkdsnowmakers.com\/wp-content\/uploads\/2019\/10\/gallery-klik-manual-img7-hkd-snowmakers.jpg\" class=\"attachment-large size-large\" alt=\"HKD Snowmakers\" srcset=\"https:\/\/www.hkdsnowmakers.com\/wp-content\/uploads\/2019\/10\/gallery-klik-manual-img7-hkd-snowmakers.jpg 770w, https:\/\/www.hkdsnowmakers.com\/wp-content\/uploads\/2019\/10\/gallery-klik-manual-img7-hkd-snowmakers-243x300.jpg 243w, https:\/\/www.hkdsnowmakers.com\/wp-content\/uploads\/2019\/10\/gallery-klik-manual-img7-hkd-snowmakers-768x948.jpg 768w\" sizes=\"auto, (max-width: 770px) 100vw, 770px\" \/><\/a><\/div>\n\n<div class=\"carousel-slider__item\">\n\t<a class=\"magnific-popup\" href=\"https:\/\/www.hkdsnowmakers.com\/wp-content\/uploads\/2019\/10\/gallery-klik-manual-img9-hkd-snowmakers.jpg\" data-width=\"770\" data-height=\"950\"><img loading=\"lazy\" decoding=\"async\" width=\"770\" height=\"950\" src=\"https:\/\/www.hkdsnowmakers.com\/wp-content\/uploads\/2019\/10\/gallery-klik-manual-img9-hkd-snowmakers.jpg\" class=\"attachment-large size-large\" alt=\"HKD Snowmakers\" srcset=\"https:\/\/www.hkdsnowmakers.com\/wp-content\/uploads\/2019\/10\/gallery-klik-manual-img9-hkd-snowmakers.jpg 770w, https:\/\/www.hkdsnowmakers.com\/wp-content\/uploads\/2019\/10\/gallery-klik-manual-img9-hkd-snowmakers-243x300.jpg 243w, https:\/\/www.hkdsnowmakers.com\/wp-content\/uploads\/2019\/10\/gallery-klik-manual-img9-hkd-snowmakers-768x948.jpg 768w\" sizes=\"auto, (max-width: 770px) 100vw, 770px\" \/><\/a><\/div>\n\n<\/div><!-- .carousel-slider-275 -->\n<\/div><!-- .carousel-slider-outer-275 -->\n\n\t\t\t\t<img loading=\"lazy\" decoding=\"async\" src=\"https:\/\/www.hkdsnowmakers.com\/wp-content\/uploads\/2019\/10\/thumb-klik-manual-line-image-hkd-snowmakers.png\" alt=\"HKD Snowmakers\" itemprop=\"image\" height=\"568\" width=\"300\" title=\"thumb-klik-manual-line-image-hkd-snowmakers\" onerror=\"this.style.display='none'\"  \/>\n<h2>\n\t\tCARACT\u00c9RISTIQUES DU PRODUIT\n\t<\/h2>\n\t<table>\n  <tr>\n    <th>Longueur:<\/th>\n    <td>12, 48, 96 pi | 3.6, 14.6, 29 m<\/td>\n  <\/tr>\n  <tr>\n    <th>Poids:<\/th>\n    <td>30, 50, 80, 120 lbs | 22,6, 36,2, 54,4 kg<\/td>\n  <\/tr>\n  <tr>\n    <th>Temp\u00e9rature humide de d\u00e9marrage:<\/th>\n    <td>28\u00b0F | -2.2\u00b0C<\/td>\n  <\/tr>\n  <tr>\n    <th>D\u00e9bit l&rsquo;eau:<\/th>\n    <td>12-50 gpm | 46-190 LPM<\/td>\n  <\/tr>\n  <tr>\n    <th>Pression d&rsquo;eau minimum:<\/th>\n    <td>200 PSI | 13,6 Bar<\/td>\n  <\/tr>\n  <tr>\n    <th>D\u00e9bit d&rsquo;air:<\/th>\n    <td>5 &#8211; 35 cfm | 8,5 \u00e0 59 m<sup>3<\/sup>\/h<\/td>\n  <\/tr>\n  <tr>\n    <th>Pression d&rsquo;air minimum:<\/th>\n    <td>85 PSI | 5,8 Bar<\/td>\n  <\/tr>\n  <tr>\n    <th>Projection:<\/th>\n    <td>30-125 pi \/ 9,2 \u00e0 38,5 m<\/td>\n  <\/tr>\n  <tr>\n    <th>Stages:<\/th>\n    <td>5<\/td>\n  <\/tr>\n<\/table>\n\t\t\t<a href=\"\/wp-content\/uploads\/2019\/09\/products-spec-sheet-klik-manual.pdf\" target=\"_blank\" role=\"button\" rel=\"noopener noreferrer\">\n\t\t\t\t\t\t\tT\u00e9l\u00e9charger toutes les sp\u00e9cifications\n\t\t\t\t\t<\/a>\n<h2>\n\t\tACCESSOIRES\n\t<\/h2>\n\t\t\t\t<img loading=\"lazy\" decoding=\"async\" src=\"https:\/\/www.hkdsnowmakers.com\/wp-content\/uploads\/2020\/08\/Francais-Banner.png\" alt=\"Francais-Banner\" itemprop=\"image\" height=\"231\" width=\"912\" title=\"Francais-Banner\" onerror=\"this.style.display='none'\"  \/>\n\t\t\t<a href=\"https:\/\/www.hkdsnowmakers.com\/fr\/produits\/#klik\" target=\"_self\" role=\"button\" rel=\"noopener noreferrer\">\n\t\t\t\t\t\t\tTOUTES LES KLIK\n\t\t\t\t\t<\/a>\n","protected":false},"excerpt":{"rendered":"<p>MANUEL KLIK KLIK Le KLIK HKD est un changeur de jeu pour les op\u00e9rateurs. Dans une fen\u00eatre d&rsquo;enneigement de 12 heures, l\u2019hydrant KLIK HKD manuel peut stimuler la production de neige de pr\u00e8s de 100% par rapport \u00e0 l&rsquo;utilisation des &hellip;<\/p>\n<p class=\"read-more\"> <a class=\"ast-button\" href=\"https:\/\/www.hkdsnowmakers.com\/fr\/produits\/klik-manual\/\"> <span class=\"screen-reader-text\">KLIK Manual<\/span> CONTINUEZ VOTRE LECTURE<\/a><\/p>\n","protected":false},"author":2,"featured_media":0,"parent":1998,"menu_order":0,"comment_status":"closed","ping_status":"closed","template":"","meta":{"footnotes":""},"class_list":["post-2018","page","type-page","status-publish","hentry"],"yoast_head":"<!-- This site is optimized with the Yoast SEO plugin v26.0 - https:\/\/yoast.com\/wordpress\/plugins\/seo\/ -->\n<title>HKD Snowmakers KlikManual<\/title>\n<meta name=\"description\" content=\"HKD SnowmakerKlikManual\" \/>\n<meta name=\"robots\" content=\"index, follow, max-snippet:-1, max-image-preview:large, max-video-preview:-1\" \/>\n<link rel=\"canonical\" href=\"https:\/\/www.hkdsnowmakers.com\/fr\/produits\/klik-manual\/\" \/>\n<meta property=\"og:locale\" content=\"fr_FR\" \/>\n<meta property=\"og:type\" content=\"article\" \/>\n<meta property=\"og:title\" content=\"HKD Snowmakers KlikManual\" \/>\n<meta property=\"og:description\" content=\"HKD SnowmakerKlikManual\" \/>\n<meta property=\"og:url\" content=\"https:\/\/www.hkdsnowmakers.com\/fr\/produits\/klik-manual\/\" \/>\n<meta property=\"og:site_name\" content=\"HKD Snowmakers\" \/>\n<meta property=\"article:modified_time\" content=\"2020-08-12T10:40:54+00:00\" \/>\n<meta property=\"og:image\" content=\"https:\/\/www.hkdsnowmakers.com\/wp-content\/uploads\/2019\/10\/thumb-klik-manual-main-hkd-snowmakers.png\" \/>\n<meta name=\"twitter:card\" content=\"summary_large_image\" \/>\n<meta name=\"twitter:label1\" content=\"Dur\u00e9e de lecture estim\u00e9e\" \/>\n\t<meta name=\"twitter:data1\" content=\"1 minute\" \/>\n<script type=\"application\/ld+json\" class=\"yoast-schema-graph\">{\"@context\":\"https:\/\/schema.org\",\"@graph\":[{\"@type\":\"WebPage\",\"@id\":\"https:\/\/www.hkdsnowmakers.com\/fr\/produits\/klik-manual\/\",\"url\":\"https:\/\/www.hkdsnowmakers.com\/fr\/produits\/klik-manual\/\",\"name\":\"HKD Snowmakers KlikManual\",\"isPartOf\":{\"@id\":\"https:\/\/www.hkdsnowmakers.com\/fr\/#website\"},\"primaryImageOfPage\":{\"@id\":\"https:\/\/www.hkdsnowmakers.com\/fr\/produits\/klik-manual\/#primaryimage\"},\"image\":{\"@id\":\"https:\/\/www.hkdsnowmakers.com\/fr\/produits\/klik-manual\/#primaryimage\"},\"thumbnailUrl\":\"https:\/\/www.hkdsnowmakers.com\/wp-content\/uploads\/2019\/10\/thumb-klik-manual-main-hkd-snowmakers.png\",\"datePublished\":\"2020-08-01T12:36:36+00:00\",\"dateModified\":\"2020-08-12T10:40:54+00:00\",\"description\":\"HKD SnowmakerKlikManual\",\"breadcrumb\":{\"@id\":\"https:\/\/www.hkdsnowmakers.com\/fr\/produits\/klik-manual\/#breadcrumb\"},\"inLanguage\":\"fr-FR\",\"potentialAction\":[{\"@type\":\"ReadAction\",\"target\":[\"https:\/\/www.hkdsnowmakers.com\/fr\/produits\/klik-manual\/\"]}]},{\"@type\":\"ImageObject\",\"inLanguage\":\"fr-FR\",\"@id\":\"https:\/\/www.hkdsnowmakers.com\/fr\/produits\/klik-manual\/#primaryimage\",\"url\":\"https:\/\/www.hkdsnowmakers.com\/wp-content\/uploads\/2019\/10\/thumb-klik-manual-main-hkd-snowmakers.png\",\"contentUrl\":\"https:\/\/www.hkdsnowmakers.com\/wp-content\/uploads\/2019\/10\/thumb-klik-manual-main-hkd-snowmakers.png\"},{\"@type\":\"BreadcrumbList\",\"@id\":\"https:\/\/www.hkdsnowmakers.com\/fr\/produits\/klik-manual\/#breadcrumb\",\"itemListElement\":[{\"@type\":\"ListItem\",\"position\":1,\"name\":\"Home\",\"item\":\"https:\/\/www.hkdsnowmakers.com\/fr\/page-daccueil\/\"},{\"@type\":\"ListItem\",\"position\":2,\"name\":\"Produits\",\"item\":\"https:\/\/www.hkdsnowmakers.com\/fr\/produits\/\"},{\"@type\":\"ListItem\",\"position\":3,\"name\":\"KLIK Manual\"}]},{\"@type\":\"WebSite\",\"@id\":\"https:\/\/www.hkdsnowmakers.com\/fr\/#website\",\"url\":\"https:\/\/www.hkdsnowmakers.com\/fr\/\",\"name\":\"HKD Snowmakers\",\"description\":\"People, Product, Passion\",\"publisher\":{\"@id\":\"https:\/\/www.hkdsnowmakers.com\/fr\/#organization\"},\"potentialAction\":[{\"@type\":\"SearchAction\",\"target\":{\"@type\":\"EntryPoint\",\"urlTemplate\":\"https:\/\/www.hkdsnowmakers.com\/fr\/?s={search_term_string}\"},\"query-input\":{\"@type\":\"PropertyValueSpecification\",\"valueRequired\":true,\"valueName\":\"search_term_string\"}}],\"inLanguage\":\"fr-FR\"},{\"@type\":\"Organization\",\"@id\":\"https:\/\/www.hkdsnowmakers.com\/fr\/#organization\",\"name\":\"HKD Snowmakers\",\"url\":\"https:\/\/www.hkdsnowmakers.com\/fr\/\",\"logo\":{\"@type\":\"ImageObject\",\"inLanguage\":\"fr-FR\",\"@id\":\"https:\/\/www.hkdsnowmakers.com\/fr\/#\/schema\/logo\/image\/\",\"url\":\"https:\/\/www.hkdsnowmakers.com\/wp-content\/uploads\/2019\/05\/hdk_logo.png\",\"contentUrl\":\"https:\/\/www.hkdsnowmakers.com\/wp-content\/uploads\/2019\/05\/hdk_logo.png\",\"width\":1250,\"height\":381,\"caption\":\"HKD Snowmakers\"},\"image\":{\"@id\":\"https:\/\/www.hkdsnowmakers.com\/fr\/#\/schema\/logo\/image\/\"}}]}<\/script>\n<!-- \/ Yoast SEO plugin. -->","yoast_head_json":{"title":"HKD Snowmakers KlikManual","description":"HKD SnowmakerKlikManual","robots":{"index":"index","follow":"follow","max-snippet":"max-snippet:-1","max-image-preview":"max-image-preview:large","max-video-preview":"max-video-preview:-1"},"canonical":"https:\/\/www.hkdsnowmakers.com\/fr\/produits\/klik-manual\/","og_locale":"fr_FR","og_type":"article","og_title":"HKD Snowmakers KlikManual","og_description":"HKD SnowmakerKlikManual","og_url":"https:\/\/www.hkdsnowmakers.com\/fr\/produits\/klik-manual\/","og_site_name":"HKD Snowmakers","article_modified_time":"2020-08-12T10:40:54+00:00","og_image":[{"url":"https:\/\/www.hkdsnowmakers.com\/wp-content\/uploads\/2019\/10\/thumb-klik-manual-main-hkd-snowmakers.png","type":"","width":"","height":""}],"twitter_card":"summary_large_image","twitter_misc":{"Dur\u00e9e de lecture estim\u00e9e":"1 minute"},"schema":{"@context":"https:\/\/schema.org","@graph":[{"@type":"WebPage","@id":"https:\/\/www.hkdsnowmakers.com\/fr\/produits\/klik-manual\/","url":"https:\/\/www.hkdsnowmakers.com\/fr\/produits\/klik-manual\/","name":"HKD Snowmakers KlikManual","isPartOf":{"@id":"https:\/\/www.hkdsnowmakers.com\/fr\/#website"},"primaryImageOfPage":{"@id":"https:\/\/www.hkdsnowmakers.com\/fr\/produits\/klik-manual\/#primaryimage"},"image":{"@id":"https:\/\/www.hkdsnowmakers.com\/fr\/produits\/klik-manual\/#primaryimage"},"thumbnailUrl":"https:\/\/www.hkdsnowmakers.com\/wp-content\/uploads\/2019\/10\/thumb-klik-manual-main-hkd-snowmakers.png","datePublished":"2020-08-01T12:36:36+00:00","dateModified":"2020-08-12T10:40:54+00:00","description":"HKD SnowmakerKlikManual","breadcrumb":{"@id":"https:\/\/www.hkdsnowmakers.com\/fr\/produits\/klik-manual\/#breadcrumb"},"inLanguage":"fr-FR","potentialAction":[{"@type":"ReadAction","target":["https:\/\/www.hkdsnowmakers.com\/fr\/produits\/klik-manual\/"]}]},{"@type":"ImageObject","inLanguage":"fr-FR","@id":"https:\/\/www.hkdsnowmakers.com\/fr\/produits\/klik-manual\/#primaryimage","url":"https:\/\/www.hkdsnowmakers.com\/wp-content\/uploads\/2019\/10\/thumb-klik-manual-main-hkd-snowmakers.png","contentUrl":"https:\/\/www.hkdsnowmakers.com\/wp-content\/uploads\/2019\/10\/thumb-klik-manual-main-hkd-snowmakers.png"},{"@type":"BreadcrumbList","@id":"https:\/\/www.hkdsnowmakers.com\/fr\/produits\/klik-manual\/#breadcrumb","itemListElement":[{"@type":"ListItem","position":1,"name":"Home","item":"https:\/\/www.hkdsnowmakers.com\/fr\/page-daccueil\/"},{"@type":"ListItem","position":2,"name":"Produits","item":"https:\/\/www.hkdsnowmakers.com\/fr\/produits\/"},{"@type":"ListItem","position":3,"name":"KLIK Manual"}]},{"@type":"WebSite","@id":"https:\/\/www.hkdsnowmakers.com\/fr\/#website","url":"https:\/\/www.hkdsnowmakers.com\/fr\/","name":"HKD Snowmakers","description":"People, Product, Passion","publisher":{"@id":"https:\/\/www.hkdsnowmakers.com\/fr\/#organization"},"potentialAction":[{"@type":"SearchAction","target":{"@type":"EntryPoint","urlTemplate":"https:\/\/www.hkdsnowmakers.com\/fr\/?s={search_term_string}"},"query-input":{"@type":"PropertyValueSpecification","valueRequired":true,"valueName":"search_term_string"}}],"inLanguage":"fr-FR"},{"@type":"Organization","@id":"https:\/\/www.hkdsnowmakers.com\/fr\/#organization","name":"HKD Snowmakers","url":"https:\/\/www.hkdsnowmakers.com\/fr\/","logo":{"@type":"ImageObject","inLanguage":"fr-FR","@id":"https:\/\/www.hkdsnowmakers.com\/fr\/#\/schema\/logo\/image\/","url":"https:\/\/www.hkdsnowmakers.com\/wp-content\/uploads\/2019\/05\/hdk_logo.png","contentUrl":"https:\/\/www.hkdsnowmakers.com\/wp-content\/uploads\/2019\/05\/hdk_logo.png","width":1250,"height":381,"caption":"HKD Snowmakers"},"image":{"@id":"https:\/\/www.hkdsnowmakers.com\/fr\/#\/schema\/logo\/image\/"}}]}},"_links":{"self":[{"href":"https:\/\/www.hkdsnowmakers.com\/fr\/wp-json\/wp\/v2\/pages\/2018","targetHints":{"allow":["GET"]}}],"collection":[{"href":"https:\/\/www.hkdsnowmakers.com\/fr\/wp-json\/wp\/v2\/pages"}],"about":[{"href":"https:\/\/www.hkdsnowmakers.com\/fr\/wp-json\/wp\/v2\/types\/page"}],"author":[{"embeddable":true,"href":"https:\/\/www.hkdsnowmakers.com\/fr\/wp-json\/wp\/v2\/users\/2"}],"replies":[{"embeddable":true,"href":"https:\/\/www.hkdsnowmakers.com\/fr\/wp-json\/wp\/v2\/comments?post=2018"}],"version-history":[{"count":0,"href":"https:\/\/www.hkdsnowmakers.com\/fr\/wp-json\/wp\/v2\/pages\/2018\/revisions"}],"up":[{"embeddable":true,"href":"https:\/\/www.hkdsnowmakers.com\/fr\/wp-json\/wp\/v2\/pages\/1998"}],"wp:attachment":[{"href":"https:\/\/www.hkdsnowmakers.com\/fr\/wp-json\/wp\/v2\/media?parent=2018"}],"curies":[{"name":"wp","href":"https:\/\/api.w.org\/{rel}","templated":true}]}}